{"id":634,"date":"2020-06-10T17:14:42","date_gmt":"2020-06-10T15:14:42","guid":{"rendered":"https:\/\/www.fortindecorbieres.com\/slide-anything-popup-preview\/"},"modified":"2020-08-12T19:10:29","modified_gmt":"2020-08-12T16:10:29","slug":"slide-anything-popup-preview","status":"publish","type":"page","link":"https:\/\/www.fortindecorbieres.com\/en\/slide-anything-popup-preview\/","title":{"rendered":"Slide Anything Popup Preview"},"content":{"rendered":"<div class='black' style='background:rgba(0,0,0,0); border:solid 0px rgba(0,0,0,0); border-radius:0px; padding:14px 17px 0px 0px;'>\n<div id='slider_633' class='owl-carousel sa_owl_theme autohide-arrows' data-slider-id='slider_633' style='visibility:hidden;'>\n<div id='slider_633_slide01' class='sa_hover_container' style='padding:0% 0%; margin:0px 0%; min-height:60px; '><div class='sa_hover_buttons' style='top:50%; left:50%; margin-top:-20px; margin-left:-20px;'><a class='sa_slide_link_icon' href='https:\/\/www.pernod-ricard.com\/fr' target='_blank' title='' aria-label=''><\/a><\/div>\n<p><img decoding=\"async\" class=\"aligncenter size-full wp-image-563\" src=\"https:\/\/www.fortindecorbieres.com\/wp-content\/uploads\/2020\/06\/Logo1_Fortin-de-Corbie\u0300res.png\" alt=\"\" width=\"140\" height=\"60\" \/><\/p><\/div>\n<div id='slider_633_slide02' class='sa_hover_container' style='padding:0% 0%; margin:0px 0%; min-height:60px; '><div class='sa_hover_buttons' style='top:50%; left:50%; margin-top:-20px; margin-left:-20px;'><a class='sa_slide_link_icon' href='https:\/\/www.lierac.fr\/' target='_blank' title='' aria-label=''><\/a><\/div>\n<p><img decoding=\"async\" class=\"aligncenter size-full wp-image-566\" src=\"https:\/\/www.fortindecorbieres.com\/wp-content\/uploads\/2020\/06\/Logo2_Fortin-de-Corbie\u0300res.png\" alt=\"\" width=\"140\" height=\"60\" \/><\/p><\/div>\n<div id='slider_633_slide03' class='sa_hover_container' style='padding:0% 0%; margin:0px 0%; min-height:60px; '><div class='sa_hover_buttons' style='top:50%; left:50%; margin-top:-20px; margin-left:-20px;'><a class='sa_slide_link_icon' href='https:\/\/www.audi.fr\/fr\/web\/fr.html' target='_blank' title='' aria-label=''><\/a><\/div>\n<p><img decoding=\"async\" class=\"aligncenter size-full wp-image-567\" src=\"https:\/\/www.fortindecorbieres.com\/wp-content\/uploads\/2020\/06\/Logo4_Fortin-de-Corbie\u0300res.png\" alt=\"\" width=\"140\" height=\"60\" \/><\/p><\/div>\n<div id='slider_633_slide04' class='sa_hover_container' style='padding:0% 0%; margin:0px 0%; min-height:60px; '><div class='sa_hover_buttons' style='top:50%; left:50%; margin-top:-20px; margin-left:-20px;'><a class='sa_slide_link_icon' href='https:\/\/www.marseille.aeroport.fr\/' target='_blank' title='' aria-label=''><\/a><\/div>\n<p><img decoding=\"async\" class=\"aligncenter size-full wp-image-565\" src=\"https:\/\/www.fortindecorbieres.com\/wp-content\/uploads\/2020\/06\/Logo5_Fortin-de-Corbie\u0300res.png\" alt=\"\" width=\"140\" height=\"60\" \/><\/p><\/div>\n<div id='slider_633_slide05' class='sa_hover_container' style='padding:0% 0%; margin:0px 0%; min-height:60px; '><p><img decoding=\"async\" class=\"aligncenter wp-image-568 size-full\" src=\"https:\/\/www.fortindecorbieres.com\/wp-content\/uploads\/2020\/06\/Logo3_Fortin-de-Corbie\u0300res.png\" alt=\"\" width=\"140\" height=\"60\" \/><\/p><\/div>\n<div id='slider_633_slide06' class='sa_hover_container' style='padding:0% 0%; margin:0px 0%; min-height:60px; '><div class='sa_hover_buttons' style='top:50%; left:50%; margin-top:-20px; margin-left:-20px;'><a class='sa_slide_link_icon' href='https:\/\/www.jcdecaux.fr\/' target='_blank' title='' aria-label=''><\/a><\/div>\n<p><img decoding=\"async\" class=\"aligncenter size-full wp-image-575\" src=\"https:\/\/www.fortindecorbieres.com\/wp-content\/uploads\/2020\/06\/Logo6_Fortin-de-Corbie\u0300res.png\" alt=\"\" width=\"140\" height=\"60\" \/><\/p><\/div>\n<div id='slider_633_slide07' class='sa_hover_container' style='padding:0% 0%; margin:0px 0%; min-height:60px; '><div class='sa_hover_buttons' style='top:50%; left:50%; margin-top:-20px; margin-left:-20px;'><a class='sa_slide_link_icon' href='https:\/\/www.mcdonalds.fr\/' target='_blank' title='' aria-label=''><\/a><\/div>\n<p><img decoding=\"async\" class=\"aligncenter size-full wp-image-572\" src=\"https:\/\/www.fortindecorbieres.com\/wp-content\/uploads\/2020\/06\/Logo9_Fortin-de-Corbie\u0300res.png\" alt=\"\" width=\"140\" height=\"60\" \/><\/p><\/div>\n<div id='slider_633_slide08' class='sa_hover_container' style='padding:0% 0%; margin:0px 0%; min-height:60px; '><p><img decoding=\"async\" class=\"aligncenter size-full wp-image-573\" src=\"https:\/\/www.fortindecorbieres.com\/wp-content\/uploads\/2020\/06\/Logo8_Fortin-de-Corbie\u0300res.png\" alt=\"\" width=\"140\" height=\"60\" \/><\/p><\/div>\n<div id='slider_633_slide09' class='sa_hover_container' style='padding:0% 0%; margin:0px 0%; min-height:60px; '><p><img decoding=\"async\" class=\"aligncenter size-full wp-image-571\" src=\"https:\/\/www.fortindecorbieres.com\/wp-content\/uploads\/2020\/06\/Logo10_Fortin-de-Corbie\u0300res.png\" alt=\"\" width=\"140\" height=\"60\" \/><\/p><\/div>\n<div id='slider_633_slide10' class='sa_hover_container' style='padding:0% 0%; margin:0px 0%; min-height:60px; '><p><img decoding=\"async\" class=\"aligncenter size-full wp-image-574\" src=\"https:\/\/www.fortindecorbieres.com\/wp-content\/uploads\/2020\/06\/Logo7_Fortin-de-Corbie\u0300res.png\" alt=\"\" width=\"140\" height=\"60\" \/><\/p><\/div>\n<div id='slider_633_slide11' class='sa_hover_container' style='padding:0% 0%; margin:0px 0%; min-height:60px; '><p><img decoding=\"async\" class=\"aligncenter size-full wp-image-578\" src=\"https:\/\/www.fortindecorbieres.com\/wp-content\/uploads\/2020\/06\/Logo14_Fortin-de-Corbie\u0300res.png\" alt=\"\" width=\"140\" height=\"60\" \/><\/p><\/div>\n<div id='slider_633_slide12' class='sa_hover_container' style='padding:0% 0%; margin:0px 0%; min-height:60px; '><p><img decoding=\"async\" class=\"aligncenter size-full wp-image-580\" src=\"https:\/\/www.fortindecorbieres.com\/wp-content\/uploads\/2020\/06\/Logo12_Fortin-de-Corbie\u0300res.png\" alt=\"\" width=\"140\" height=\"60\" \/><\/p><\/div>\n<div id='slider_633_slide13' class='sa_hover_container' style='padding:0% 0%; margin:0px 0%; min-height:60px; '><p><img decoding=\"async\" class=\"aligncenter size-full wp-image-579\" src=\"https:\/\/www.fortindecorbieres.com\/wp-content\/uploads\/2020\/06\/Logo13_Fortin-de-Corbie\u0300res.png\" alt=\"\" width=\"140\" height=\"60\" \/><\/p><\/div>\n<div id='slider_633_slide14' class='sa_hover_container' style='padding:0% 0%; margin:0px 0%; min-height:60px; '><p><img decoding=\"async\" class=\"aligncenter size-full wp-image-577\" src=\"https:\/\/www.fortindecorbieres.com\/wp-content\/uploads\/2020\/06\/Logo15_Fortin-de-Corbie\u0300res.png\" alt=\"\" width=\"140\" height=\"60\" \/><\/p><\/div>\n<div id='slider_633_slide15' class='sa_hover_container' style='padding:0% 0%; margin:0px 0%; min-height:60px; '><p><img decoding=\"async\" class=\"aligncenter size-full wp-image-581\" src=\"https:\/\/www.fortindecorbieres.com\/wp-content\/uploads\/2020\/06\/Logo11_Fortin-de-Corbie\u0300res.png\" alt=\"\" width=\"140\" height=\"60\" \/><\/p><\/div>\n<div id='slider_633_slide16' class='sa_hover_container' style='padding:0% 0%; margin:0px 0%; min-height:60px; '><p><img decoding=\"async\" class=\"aligncenter size-full wp-image-651\" src=\"https:\/\/www.fortindecorbieres.com\/wp-content\/uploads\/2020\/06\/Logo16_Fortin-de-Corbie\u0300res.png\" alt=\"\" width=\"140\" height=\"60\" \/><\/p><\/div>\n<div id='slider_633_slide17' class='sa_hover_container' style='padding:0% 0%; margin:0px 0%; min-height:60px; '><p><img decoding=\"async\" class=\"aligncenter size-full wp-image-650\" src=\"https:\/\/www.fortindecorbieres.com\/wp-content\/uploads\/2020\/06\/Logo17_Fortin-de-Corbie\u0300res.png\" alt=\"\" width=\"140\" height=\"60\" \/><\/p><\/div>\n<div id='slider_633_slide18' class='sa_hover_container' style='padding:0% 0%; margin:0px 0%; min-height:60px; '><p><img decoding=\"async\" class=\"aligncenter size-full wp-image-648\" src=\"https:\/\/www.fortindecorbieres.com\/wp-content\/uploads\/2020\/06\/Logo19_Fortin-de-Corbie\u0300res.png\" alt=\"\" width=\"140\" height=\"60\" \/><\/p><\/div>\n<div id='slider_633_slide19' class='sa_hover_container' style='padding:0% 0%; margin:0px 0%; min-height:60px; '><p><img decoding=\"async\" class=\"aligncenter size-full wp-image-649\" src=\"https:\/\/www.fortindecorbieres.com\/wp-content\/uploads\/2020\/06\/Logo18_Fortin-de-Corbie\u0300res.png\" alt=\"\" width=\"140\" height=\"60\" \/><\/p><\/div>\n<div id='slider_633_slide20' class='sa_hover_container' style='padding:0% 0%; margin:0px 0%; min-height:60px; '><p><img decoding=\"async\" class=\"aligncenter size-full wp-image-647\" src=\"https:\/\/www.fortindecorbieres.com\/wp-content\/uploads\/2020\/06\/Logo20_Fortin-de-Corbie\u0300res.png\" alt=\"\" width=\"140\" height=\"60\" \/><\/p><\/div>\n<div id='slider_633_slide21' class='sa_hover_container' style='padding:0% 0%; margin:0px 0%; min-height:60px; '><p><img decoding=\"async\" class=\"aligncenter size-full wp-image-653\" src=\"https:\/\/www.fortindecorbieres.com\/wp-content\/uploads\/2020\/06\/Logo33_Fortin-de-Corbie\u0300res.png\" alt=\"\" width=\"140\" height=\"60\" \/><\/p><\/div>\n<div id='slider_633_slide22' class='sa_hover_container' style='padding:0% 0%; margin:0px 0%; min-height:60px; '><p><img decoding=\"async\" class=\"aligncenter size-full wp-image-654\" src=\"https:\/\/www.fortindecorbieres.com\/wp-content\/uploads\/2020\/06\/Logo32_Fortin-de-Corbie\u0300res.png\" alt=\"\" width=\"140\" height=\"60\" \/><\/p><\/div>\n<div id='slider_633_slide23' class='sa_hover_container' style='padding:0% 0%; margin:0px 0%; min-height:60px; '><p><img decoding=\"async\" class=\"aligncenter size-full wp-image-652\" src=\"https:\/\/www.fortindecorbieres.com\/wp-content\/uploads\/2020\/06\/Logo34_Fortin-de-Corbie\u0300res.png\" alt=\"\" width=\"140\" height=\"60\" \/><\/p><\/div>\n<div id='slider_633_slide24' class='sa_hover_container' style='padding:0% 0%; margin:0px 0%; min-height:60px; '><p><img decoding=\"async\" class=\"aligncenter size-full wp-image-655\" src=\"https:\/\/www.fortindecorbieres.com\/wp-content\/uploads\/2020\/06\/Logo31_Fortin-de-Corbie\u0300res.png\" alt=\"\" width=\"140\" height=\"60\" \/><\/p><\/div>\n<div id='slider_633_slide25' class='sa_hover_container' style='padding:0% 0%; margin:0px 0%; min-height:60px; '><p><img decoding=\"async\" class=\"aligncenter size-full wp-image-657\" src=\"https:\/\/www.fortindecorbieres.com\/wp-content\/uploads\/2020\/06\/Logo29_Fortin-de-Corbie\u0300res.png\" alt=\"\" width=\"140\" height=\"60\" \/><\/p><\/div>\n<div id='slider_633_slide26' class='sa_hover_container' style='padding:0% 0%; margin:0px 0%; min-height:60px; '><p><img decoding=\"async\" class=\"aligncenter size-full wp-image-656\" src=\"https:\/\/www.fortindecorbieres.com\/wp-content\/uploads\/2020\/06\/Logo30_Fortin-de-Corbie\u0300res.png\" alt=\"\" width=\"140\" height=\"60\" \/><\/p><\/div>\n<div id='slider_633_slide27' class='sa_hover_container' style='padding:0% 0%; margin:0px 0%; min-height:60px; '><p><img decoding=\"async\" class=\"aligncenter size-full wp-image-659\" src=\"https:\/\/www.fortindecorbieres.com\/wp-content\/uploads\/2020\/06\/Logo27_Fortin-de-Corbie\u0300res.png\" alt=\"\" width=\"140\" height=\"60\" \/><\/p><\/div>\n<div id='slider_633_slide28' class='sa_hover_container' style='padding:0% 0%; margin:0px 0%; min-height:60px; '><p><img decoding=\"async\" class=\"aligncenter size-full wp-image-658\" src=\"https:\/\/www.fortindecorbieres.com\/wp-content\/uploads\/2020\/06\/Logo28_Fortin-de-Corbie\u0300res.png\" alt=\"\" width=\"140\" height=\"60\" \/><\/p><\/div>\n<div id='slider_633_slide29' class='sa_hover_container' style='padding:0% 0%; margin:0px 0%; min-height:60px; '><p><img decoding=\"async\" class=\"aligncenter size-full wp-image-663\" src=\"https:\/\/www.fortindecorbieres.com\/wp-content\/uploads\/2020\/06\/Logo23_Fortin-de-Corbie\u0300res.png\" alt=\"\" width=\"140\" height=\"60\" \/><\/p><\/div>\n<div id='slider_633_slide30' class='sa_hover_container' style='padding:0% 0%; margin:0px 0%; min-height:60px; '><p><img decoding=\"async\" class=\"aligncenter size-full wp-image-660\" src=\"https:\/\/www.fortindecorbieres.com\/wp-content\/uploads\/2020\/06\/Logo26_Fortin-de-Corbie\u0300res.png\" alt=\"\" width=\"140\" height=\"60\" \/><\/p><\/div>\n<div id='slider_633_slide31' class='sa_hover_container' style='padding:0% 0%; margin:0px 0%; min-height:60px; '><p><img decoding=\"async\" class=\"aligncenter size-full wp-image-662\" src=\"https:\/\/www.fortindecorbieres.com\/wp-content\/uploads\/2020\/06\/Logo24_Fortin-de-Corbie\u0300res.png\" alt=\"\" width=\"140\" height=\"60\" \/><\/p><\/div>\n<div id='slider_633_slide32' class='sa_hover_container' style='padding:0% 0%; margin:0px 0%; min-height:60px; '><p><img decoding=\"async\" class=\"aligncenter size-full wp-image-664\" src=\"https:\/\/www.fortindecorbieres.com\/wp-content\/uploads\/2020\/06\/Logo22_Fortin-de-Corbie\u0300res.png\" alt=\"\" width=\"140\" height=\"60\" \/><\/p><\/div>\n<div id='slider_633_slide33' class='sa_hover_container' style='padding:0% 0%; margin:0px 0%; min-height:60px; '><p><img decoding=\"async\" class=\"aligncenter size-full wp-image-665\" src=\"https:\/\/www.fortindecorbieres.com\/wp-content\/uploads\/2020\/06\/Logo21_Fortin-de-Corbie\u0300res.png\" alt=\"\" width=\"140\" height=\"60\" \/><\/p><\/div>\n<div id='slider_633_slide34' class='sa_hover_container' style='padding:0% 0%; margin:0px 0%; min-height:60px; '><p><img decoding=\"async\" class=\"aligncenter size-full wp-image-652\" src=\"https:\/\/www.fortindecorbieres.com\/wp-content\/uploads\/2020\/06\/Logo34_Fortin-de-Corbie\u0300res.png\" alt=\"\" width=\"140\" height=\"60\" \/><\/p><\/div>\n<\/div>\n<\/div>\n<script type='text\/javascript'>\n\tjQuery(document).ready(function() {\n\t\tjQuery('#slider_633').owlCarousel({\n\t\t\tresponsive:{\n\t\t\t\t0:{ items:2 },\n\t\t\t\t480:{ items:4 },\n\t\t\t\t768:{ items:4 },\n\t\t\t\t980:{ items:5 },\n\t\t\t\t1200:{ items:5 },\n\t\t\t\t1500:{ items:6 }\n\t\t\t},\n\t\t\tautoplay : true,\n\t\t\tautoplayTimeout : 5000,\n\t\t\tautoplayHoverPause : true,\n\t\t\tsmartSpeed : 800,\n\t\t\tfluidSpeed : 800,\n\t\t\tautoplaySpeed : 800,\n\t\t\tnavSpeed : 800,\n\t\t\tdotsSpeed : 800,\n\t\t\tloop : true,\n\t\t\tnav : true,\n\t\t\tnavText : ['Previous','Next'],\n\t\t\tdots : false,\n\t\t\tresponsiveRefreshRate : 200,\n\t\t\tslideBy : 2,\n\t\t\tmergeFit : true,\n\t\t\tautoHeight : false,\n\t\t\tmouseDrag : true,\n\t\t\ttouchDrag : true\n\t\t});\n\t\tjQuery('#slider_633').css('visibility', 'visible');\n\t\tvar owl_goto = jQuery('#slider_633');\n\t\tjQuery('.slider_633_goto1').click(function(event){\n\t\t\towl_goto.trigger('to.owl.carousel', 0);\n\t\t});\n\t\tjQuery('.slider_633_goto2').click(function(event){\n\t\t\towl_goto.trigger('to.owl.carousel', 1);\n\t\t});\n\t\tjQuery('.slider_633_goto3').click(function(event){\n\t\t\towl_goto.trigger('to.owl.carousel', 2);\n\t\t});\n\t\tjQuery('.slider_633_goto4').click(function(event){\n\t\t\towl_goto.trigger('to.owl.carousel', 3);\n\t\t});\n\t\tjQuery('.slider_633_goto5').click(function(event){\n\t\t\towl_goto.trigger('to.owl.carousel', 4);\n\t\t});\n\t\tjQuery('.slider_633_goto6').click(function(event){\n\t\t\towl_goto.trigger('to.owl.carousel', 5);\n\t\t});\n\t\tjQuery('.slider_633_goto7').click(function(event){\n\t\t\towl_goto.trigger('to.owl.carousel', 6);\n\t\t});\n\t\tjQuery('.slider_633_goto8').click(function(event){\n\t\t\towl_goto.trigger('to.owl.carousel', 7);\n\t\t});\n\t\tjQuery('.slider_633_goto9').click(function(event){\n\t\t\towl_goto.trigger('to.owl.carousel', 8);\n\t\t});\n\t\tjQuery('.slider_633_goto10').click(function(event){\n\t\t\towl_goto.trigger('to.owl.carousel', 9);\n\t\t});\n\t\tjQuery('.slider_633_goto11').click(function(event){\n\t\t\towl_goto.trigger('to.owl.carousel', 10);\n\t\t});\n\t\tjQuery('.slider_633_goto12').click(function(event){\n\t\t\towl_goto.trigger('to.owl.carousel', 11);\n\t\t});\n\t\tjQuery('.slider_633_goto13').click(function(event){\n\t\t\towl_goto.trigger('to.owl.carousel', 12);\n\t\t});\n\t\tjQuery('.slider_633_goto14').click(function(event){\n\t\t\towl_goto.trigger('to.owl.carousel', 13);\n\t\t});\n\t\tjQuery('.slider_633_goto15').click(function(event){\n\t\t\towl_goto.trigger('to.owl.carousel', 14);\n\t\t});\n\t\tjQuery('.slider_633_goto16').click(function(event){\n\t\t\towl_goto.trigger('to.owl.carousel', 15);\n\t\t});\n\t\tjQuery('.slider_633_goto17').click(function(event){\n\t\t\towl_goto.trigger('to.owl.carousel', 16);\n\t\t});\n\t\tjQuery('.slider_633_goto18').click(function(event){\n\t\t\towl_goto.trigger('to.owl.carousel', 17);\n\t\t});\n\t\tjQuery('.slider_633_goto19').click(function(event){\n\t\t\towl_goto.trigger('to.owl.carousel', 18);\n\t\t});\n\t\tjQuery('.slider_633_goto20').click(function(event){\n\t\t\towl_goto.trigger('to.owl.carousel', 19);\n\t\t});\n\t\tjQuery('.slider_633_goto21').click(function(event){\n\t\t\towl_goto.trigger('to.owl.carousel', 20);\n\t\t});\n\t\tjQuery('.slider_633_goto22').click(function(event){\n\t\t\towl_goto.trigger('to.owl.carousel', 21);\n\t\t});\n\t\tjQuery('.slider_633_goto23').click(function(event){\n\t\t\towl_goto.trigger('to.owl.carousel', 22);\n\t\t});\n\t\tjQuery('.slider_633_goto24').click(function(event){\n\t\t\towl_goto.trigger('to.owl.carousel', 23);\n\t\t});\n\t\tjQuery('.slider_633_goto25').click(function(event){\n\t\t\towl_goto.trigger('to.owl.carousel', 24);\n\t\t});\n\t\tjQuery('.slider_633_goto26').click(function(event){\n\t\t\towl_goto.trigger('to.owl.carousel', 25);\n\t\t});\n\t\tjQuery('.slider_633_goto27').click(function(event){\n\t\t\towl_goto.trigger('to.owl.carousel', 26);\n\t\t});\n\t\tjQuery('.slider_633_goto28').click(function(event){\n\t\t\towl_goto.trigger('to.owl.carousel', 27);\n\t\t});\n\t\tjQuery('.slider_633_goto29').click(function(event){\n\t\t\towl_goto.trigger('to.owl.carousel', 28);\n\t\t});\n\t\tjQuery('.slider_633_goto30').click(function(event){\n\t\t\towl_goto.trigger('to.owl.carousel', 29);\n\t\t});\n\t\tjQuery('.slider_633_goto31').click(function(event){\n\t\t\towl_goto.trigger('to.owl.carousel', 30);\n\t\t});\n\t\tjQuery('.slider_633_goto32').click(function(event){\n\t\t\towl_goto.trigger('to.owl.carousel', 31);\n\t\t});\n\t\tjQuery('.slider_633_goto33').click(function(event){\n\t\t\towl_goto.trigger('to.owl.carousel', 32);\n\t\t});\n\t\tjQuery('.slider_633_goto34').click(function(event){\n\t\t\towl_goto.trigger('to.owl.carousel', 33);\n\t\t});\n\t\tvar resize_633 = jQuery('.owl-carousel');\n\t\tresize_633.on('initialized.owl.carousel', function(e) {\n\t\t\tif (typeof(Event) === 'function') {\n\t\t\t\twindow.dispatchEvent(new Event('resize'));\n\t\t\t} else {\n\t\t\t\tvar evt = window.document.createEvent('UIEvents');\n\t\t\t\tevt.initUIEvent('resize', true, false, window, 0);\n\t\t\t\twindow.dispatchEvent(evt);\n\t\t\t}\n\t\t});\n\t});\n<\/script>\n\n","protected":false},"excerpt":{"rendered":"","protected":false},"author":1,"featured_media":0,"parent":0,"menu_order":9999,"comment_status":"closed","ping_status":"closed","template":"","meta":{"footnotes":""},"class_list":["post-634","page","type-page","status-publish","hentry"],"yoast_head":"<!-- This site is optimized with the Yoast SEO plugin v24.9 - https:\/\/yoast.com\/wordpress\/plugins\/seo\/ -->\n<title>Slide Anything Popup Preview | Fortin de Corbi\u00e8res<\/title>\n<meta name=\"robots\" content=\"index, follow, max-snippet:-1, max-image-preview:large, max-video-preview:-1\" \/>\n<link rel=\"canonical\" href=\"https:\/\/www.fortindecorbieres.com\/slide-anything-popup-preview\/\" \/>\n<meta property=\"og:locale\" content=\"en_US\" \/>\n<meta property=\"og:type\" content=\"article\" \/>\n<meta property=\"og:title\" content=\"Slide Anything Popup Preview | Fortin de Corbi\u00e8res\" \/>\n<meta property=\"og:url\" content=\"https:\/\/www.fortindecorbieres.com\/slide-anything-popup-preview\/\" \/>\n<meta property=\"og:site_name\" content=\"Fortin de Corbi\u00e8res\" \/>\n<meta property=\"article:modified_time\" content=\"2020-08-12T16:10:29+00:00\" \/>\n<meta name=\"twitter:card\" content=\"summary_large_image\" \/>\n<meta name=\"twitter:label1\" content=\"Est. reading time\" \/>\n\t<meta name=\"twitter:data1\" content=\"1 minute\" \/>\n<script type=\"application\/ld+json\" class=\"yoast-schema-graph\">{\"@context\":\"https:\/\/schema.org\",\"@graph\":[{\"@type\":\"WebPage\",\"@id\":\"https:\/\/www.fortindecorbieres.com\/slide-anything-popup-preview\/\",\"url\":\"https:\/\/www.fortindecorbieres.com\/slide-anything-popup-preview\/\",\"name\":\"Slide Anything Popup Preview | Fortin de Corbi\u00e8res\",\"isPartOf\":{\"@id\":\"https:\/\/www.fortindecorbieres.com\/en\/#website\"},\"datePublished\":\"2020-06-10T15:14:42+00:00\",\"dateModified\":\"2020-08-12T16:10:29+00:00\",\"breadcrumb\":{\"@id\":\"https:\/\/www.fortindecorbieres.com\/slide-anything-popup-preview\/#breadcrumb\"},\"inLanguage\":\"en-US\",\"potentialAction\":[{\"@type\":\"ReadAction\",\"target\":[\"https:\/\/www.fortindecorbieres.com\/slide-anything-popup-preview\/\"]}]},{\"@type\":\"BreadcrumbList\",\"@id\":\"https:\/\/www.fortindecorbieres.com\/slide-anything-popup-preview\/#breadcrumb\",\"itemListElement\":[{\"@type\":\"ListItem\",\"position\":1,\"name\":\"Accueil\",\"item\":\"https:\/\/www.fortindecorbieres.com\/\"},{\"@type\":\"ListItem\",\"position\":2,\"name\":\"Slide Anything Popup Preview\"}]},{\"@type\":\"WebSite\",\"@id\":\"https:\/\/www.fortindecorbieres.com\/en\/#website\",\"url\":\"https:\/\/www.fortindecorbieres.com\/en\/\",\"name\":\"Fortin de Corbi\u00e8res\",\"description\":\"Lieu de R\u00e9ception embl\u00e9matique \u00e0 Marseille et en Provence\",\"publisher\":{\"@id\":\"https:\/\/www.fortindecorbieres.com\/en\/#organization\"},\"potentialAction\":[{\"@type\":\"SearchAction\",\"target\":{\"@type\":\"EntryPoint\",\"urlTemplate\":\"https:\/\/www.fortindecorbieres.com\/en\/?s={search_term_string}\"},\"query-input\":{\"@type\":\"PropertyValueSpecification\",\"valueRequired\":true,\"valueName\":\"search_term_string\"}}],\"inLanguage\":\"en-US\"},{\"@type\":\"Organization\",\"@id\":\"https:\/\/www.fortindecorbieres.com\/en\/#organization\",\"name\":\"Fortin de Corbi\u00e8res\",\"url\":\"https:\/\/www.fortindecorbieres.com\/en\/\",\"logo\":{\"@type\":\"ImageObject\",\"inLanguage\":\"en-US\",\"@id\":\"https:\/\/www.fortindecorbieres.com\/en\/#\/schema\/logo\/image\/\",\"url\":\"https:\/\/www.fortindecorbieres.com\/wp-content\/uploads\/2020\/06\/Logo_email_Fortin-de-Corbieres.png\",\"contentUrl\":\"https:\/\/www.fortindecorbieres.com\/wp-content\/uploads\/2020\/06\/Logo_email_Fortin-de-Corbieres.png\",\"width\":599,\"height\":427,\"caption\":\"Fortin de Corbi\u00e8res\"},\"image\":{\"@id\":\"https:\/\/www.fortindecorbieres.com\/en\/#\/schema\/logo\/image\/\"}}]}<\/script>\n<!-- \/ Yoast SEO plugin. -->","yoast_head_json":{"title":"Slide Anything Popup Preview | Fortin de Corbi\u00e8res","robots":{"index":"index","follow":"follow","max-snippet":"max-snippet:-1","max-image-preview":"max-image-preview:large","max-video-preview":"max-video-preview:-1"},"canonical":"https:\/\/www.fortindecorbieres.com\/slide-anything-popup-preview\/","og_locale":"en_US","og_type":"article","og_title":"Slide Anything Popup Preview | Fortin de Corbi\u00e8res","og_url":"https:\/\/www.fortindecorbieres.com\/slide-anything-popup-preview\/","og_site_name":"Fortin de Corbi\u00e8res","article_modified_time":"2020-08-12T16:10:29+00:00","twitter_card":"summary_large_image","twitter_misc":{"Est. reading time":"1 minute"},"schema":{"@context":"https:\/\/schema.org","@graph":[{"@type":"WebPage","@id":"https:\/\/www.fortindecorbieres.com\/slide-anything-popup-preview\/","url":"https:\/\/www.fortindecorbieres.com\/slide-anything-popup-preview\/","name":"Slide Anything Popup Preview | Fortin de Corbi\u00e8res","isPartOf":{"@id":"https:\/\/www.fortindecorbieres.com\/en\/#website"},"datePublished":"2020-06-10T15:14:42+00:00","dateModified":"2020-08-12T16:10:29+00:00","breadcrumb":{"@id":"https:\/\/www.fortindecorbieres.com\/slide-anything-popup-preview\/#breadcrumb"},"inLanguage":"en-US","potentialAction":[{"@type":"ReadAction","target":["https:\/\/www.fortindecorbieres.com\/slide-anything-popup-preview\/"]}]},{"@type":"BreadcrumbList","@id":"https:\/\/www.fortindecorbieres.com\/slide-anything-popup-preview\/#breadcrumb","itemListElement":[{"@type":"ListItem","position":1,"name":"Accueil","item":"https:\/\/www.fortindecorbieres.com\/"},{"@type":"ListItem","position":2,"name":"Slide Anything Popup Preview"}]},{"@type":"WebSite","@id":"https:\/\/www.fortindecorbieres.com\/en\/#website","url":"https:\/\/www.fortindecorbieres.com\/en\/","name":"Fortin de Corbi\u00e8res","description":"Lieu de R\u00e9ception embl\u00e9matique \u00e0 Marseille et en Provence","publisher":{"@id":"https:\/\/www.fortindecorbieres.com\/en\/#organization"},"potentialAction":[{"@type":"SearchAction","target":{"@type":"EntryPoint","urlTemplate":"https:\/\/www.fortindecorbieres.com\/en\/?s={search_term_string}"},"query-input":{"@type":"PropertyValueSpecification","valueRequired":true,"valueName":"search_term_string"}}],"inLanguage":"en-US"},{"@type":"Organization","@id":"https:\/\/www.fortindecorbieres.com\/en\/#organization","name":"Fortin de Corbi\u00e8res","url":"https:\/\/www.fortindecorbieres.com\/en\/","logo":{"@type":"ImageObject","inLanguage":"en-US","@id":"https:\/\/www.fortindecorbieres.com\/en\/#\/schema\/logo\/image\/","url":"https:\/\/www.fortindecorbieres.com\/wp-content\/uploads\/2020\/06\/Logo_email_Fortin-de-Corbieres.png","contentUrl":"https:\/\/www.fortindecorbieres.com\/wp-content\/uploads\/2020\/06\/Logo_email_Fortin-de-Corbieres.png","width":599,"height":427,"caption":"Fortin de Corbi\u00e8res"},"image":{"@id":"https:\/\/www.fortindecorbieres.com\/en\/#\/schema\/logo\/image\/"}}]}},"_links":{"self":[{"href":"https:\/\/www.fortindecorbieres.com\/en\/wp-json\/wp\/v2\/pages\/634","targetHints":{"allow":["GET"]}}],"collection":[{"href":"https:\/\/www.fortindecorbieres.com\/en\/wp-json\/wp\/v2\/pages"}],"about":[{"href":"https:\/\/www.fortindecorbieres.com\/en\/wp-json\/wp\/v2\/types\/page"}],"author":[{"embeddable":true,"href":"https:\/\/www.fortindecorbieres.com\/en\/wp-json\/wp\/v2\/users\/1"}],"replies":[{"embeddable":true,"href":"https:\/\/www.fortindecorbieres.com\/en\/wp-json\/wp\/v2\/comments?post=634"}],"version-history":[{"count":1,"href":"https:\/\/www.fortindecorbieres.com\/en\/wp-json\/wp\/v2\/pages\/634\/revisions"}],"predecessor-version":[{"id":1000,"href":"https:\/\/www.fortindecorbieres.com\/en\/wp-json\/wp\/v2\/pages\/634\/revisions\/1000"}],"wp:attachment":[{"href":"https:\/\/www.fortindecorbieres.com\/en\/wp-json\/wp\/v2\/media?parent=634"}],"curies":[{"name":"wp","href":"https:\/\/api.w.org\/{rel}","templated":true}]}}