{"id":63,"date":"2020-04-07T14:17:02","date_gmt":"2020-04-07T14:17:02","guid":{"rendered":"https:\/\/www.fortindecorbieres.com\/?page_id=63"},"modified":"2020-12-22T15:45:30","modified_gmt":"2020-12-22T14:45:30","slug":"lieu-de-reception-a-marseillle","status":"publish","type":"page","link":"https:\/\/www.fortindecorbieres.com\/en\/lieu-de-reception-a-marseillle\/","title":{"rendered":"About"},"content":{"rendered":"<div class=\"wpb-content-wrapper\"><p>[vc_section css=&#8221;.vc_custom_1587023118189{margin-right: 0px !important;margin-left: 0px !important;padding-top: 0px !important;padding-right: 0px !important;padding-bottom: 0px !important;padding-left: 0px !important;}&#8221;][vc_row][vc_column][vc_column_text css=&#8221;.vc_custom_1593717655349{margin-bottom: 0px !important;}&#8221;]<\/p>\n<div id=\"inner_banner\" class=\"inner_banner\" data-parallax=\"scroll\" data-image-src=\"https:\/\/www.fortindecorbieres.com\/wp-content\/uploads\/2020\/07\/Professionnels_Fortin-de-Corbie\u0300res_img03.jpg\">\n<div class=\"banner_text\">\n<h2>The Fortin of Corbi\u00e8res<\/h2>\n<div class=\"discover_btn\"><a href=\"#about_quote_section\">DISCOVER<\/a><\/div>\n<\/div>\n<\/div>\n<p>[\/vc_column_text][\/vc_column][\/vc_row][\/vc_section][vc_section parallax=&#8221;content-moving&#8221; parallax_image=&#8221;70&#8243; el_id=&#8221;about_quote_section&#8221; el_class=&#8221;about_quote_section&#8221; css=&#8221;.vc_custom_1586324711266{margin-top: 0px !important;margin-right: 0px !important;margin-bottom: 0px !important;margin-left: 0px !important;padding-top: 140px !important;padding-right: 0px !important;padding-bottom: 140px !important;padding-left: 0px !important;}&#8221;][vc_row][vc_column][vc_column_text css_animation=&#8221;bottom-to-top&#8221; css=&#8221;.vc_custom_1593696515479{margin-bottom: 0px !important;}&#8221;]<\/p>\n<div class=\"quote_part\">\n<h1>A remarkable space<\/h1>\n<p>The Fortin de Corbi\u00e8res provides us a unique vision of Marseille, this Marseille that I love, flooded with the sun, with a spectacular light, surrounded by rocks and vegetation. We picture C\u00e9zanne, painting, inspired by the colors of L&#8217;Estaque, we also believe hearing Marius and Jeannette talking at the feet of a stone quarry. And a little further, we see the Marseille of the 21st century, with its new center business district, but also its emblematic constructions such as Notre Dame de La Garde, which dominates the city while the boats peacefully trace their furrow in the harbor.<br \/>\nBetter than a point of view, the Fortin de Corbi\u00e8res is a majestic site, bursting with natural riches, witnessing the most beautiful stories within it and its surroundings. You are in Fortin, you are in Marseille.<\/p>\n<h4>JEAN-CHRISTOPHE MARQUET<\/h4>\n<\/div>\n<p>[\/vc_column_text][\/vc_column][\/vc_row][\/vc_section][vc_section css=&#8221;.vc_custom_1587039930477{margin-bottom: 0px !important;padding-top: 0px !important;padding-bottom: 0px !important;}&#8221; el_id=&#8221;#nospace&#8221;][vc_row css=&#8221;.vc_custom_1587039940480{margin-bottom: 0px !important;}&#8221;][vc_column css=&#8221;.vc_custom_1587039946621{margin-bottom: 0px !important;}&#8221;][vc_column_text css=&#8221;.vc_custom_1593717626339{margin-bottom: 0px !important;}&#8221;]<\/p>\n<div id=\"inner_banner\" class=\"inner_banner\" data-parallax=\"scroll\" data-image-src=\"https:\/\/www.fortindecorbieres.com\/wp-content\/uploads\/2020\/07\/A-Propos_Fortin-de-Corbie\u0300res.jpg\">\n<div class=\"banner_text\"><\/div>\n<\/div>\n<p>[\/vc_column_text][\/vc_column][\/vc_row][\/vc_section][vc_section el_class=&#8221;company_reception&#8221; css=&#8221;.vc_custom_1593695792358{padding-top: 150px !important;padding-bottom: 110px !important;}&#8221;][vc_row el_class=&#8221;container_wrapper&#8221; css=&#8221;.vc_custom_1593695833037{margin-bottom: 150px !important;}&#8221;][vc_column][vc_column_text css_animation=&#8221;top-to-bottom&#8221; el_class=&#8221;text_area&#8221;]<\/p>\n<div class=\"content\">\n<p>INDOOR AREAS<\/p>\n<h1>Three lounges, three atmospheres, spread over two levels<\/h1>\n<\/div>\n<p>[\/vc_column_text][\/vc_column][\/vc_row][vc_row el_class=&#8221;first_row_event container_wrapper&#8221; el_id=&#8221;first_row_event&#8221;][vc_column width=&#8221;1\/2&#8243;][vc_single_image image=&#8221;807&#8243; img_size=&#8221;full&#8221; alignment=&#8221;center&#8221; css_animation=&#8221;bottom-to-top&#8221; el_class=&#8221;left_single_image&#8221;][\/vc_column][vc_column width=&#8221;1\/2&#8243;][vc_column_text css_animation=&#8221;bottom-to-top&#8221; el_class=&#8221;right_content&#8221;]<\/p>\n<div class=\"content\">\n<h2>The lounges<\/h2>\n<p>With atmospheric lighting and modern decoration that enhance the remarkable architecture of the place, these three spaces have been designed and arranged to fit all configurations and needs. On the ground floor, the Braque and Renoir lounges, with a respective area of \u200b\u200b65m2, are suitable for cocktails, meetings and workshops, in a more intimate setting. Upstairs, the C\u00e9zanne lounge, with an area of \u200b\u200b150m2, enjoys a breathtaking view of Marseille. Dinners and plenary sessions lend themselves more and take on another dimension.<\/p>\n<\/div>\n<p>[\/vc_column_text][vc_single_image image=&#8221;805&#8243; img_size=&#8221;full&#8221; alignment=&#8221;right&#8221; css_animation=&#8221;bottom-to-top&#8221; el_class=&#8221;right_image&#8221;][\/vc_column][\/vc_row][\/vc_section][vc_section css=&#8221;.vc_custom_1587039930477{margin-bottom: 0px !important;padding-top: 0px !important;padding-bottom: 0px !important;}&#8221;][vc_row css=&#8221;.vc_custom_1587039940480{margin-bottom: 0px !important;}&#8221;][vc_column css=&#8221;.vc_custom_1587039946621{margin-bottom: 0px !important;}&#8221;][vc_column_text css=&#8221;.vc_custom_1593695909021{margin-bottom: 0px !important;}&#8221;]<\/p>\n<div id=\"inner_banner\" class=\"inner_banner\" data-parallax=\"scroll\" data-image-src=\"https:\/\/www.fortindecorbieres.com\/wp-content\/uploads\/2020\/07\/Fortin-de-Corbie\u0300res_Salons_img003.jpg\">\n<div class=\"banner_text\"><\/div>\n<\/div>\n<p>[\/vc_column_text][\/vc_column][\/vc_row][\/vc_section][vc_section el_id=&#8221;accommodation_capacity_section&#8221; el_class=&#8221;accommodation_capacity_section&#8221; css=&#8221;.vc_custom_1586331112490{margin-top: 0px !important;margin-right: 0px !important;margin-bottom: 35px !important;margin-left: 0px !important;padding-top: 0px !important;padding-right: 0px !important;padding-bottom: 0px !important;padding-left: 0px !important;background-image: url(https:\/\/www.fortindecorbieres.com\/wp-content\/uploads\/2020\/04\/about-bg2.jpg?id=85) !important;background-position: center !important;background-repeat: no-repeat !important;background-size: cover !important;}&#8221;][vc_row el_class=&#8221;accommodation_details container_wrapper&#8221;][vc_column width=&#8221;1\/2&#8243;][vc_column_text css_animation=&#8221;fadeInDown&#8221; el_class=&#8221;left_heading_area&#8221;]THE SPACES<\/p>\n<h2>Reception capacity<\/h2>\n<p>[\/vc_column_text][\/vc_column][vc_column width=&#8221;1\/2&#8243;][vc_column_text css_animation=&#8221;fadeIn&#8221; el_class=&#8221;right_accommodation_details_area&#8221; css=&#8221;.vc_custom_1587038319482{background-color: #f2f2f2 !important;}&#8221;]<\/p>\n<div class=\"all_list\">\n<div class=\"esch_list\">\n<div class=\"list\">\n<p class=\"title\">\n<\/div>\n<div class=\"list\"><a href=\"#\">FORT<\/a><\/div>\n<div class=\"list\"><a href=\"#\">GARDEN<\/a><\/div>\n<div class=\"list\"><a href=\"#\">TERRACE<\/a><\/div>\n<\/div>\n<div class=\"esch_list\">\n<div class=\"list\">\n<p class=\"title\">COCKTAIL<\/p>\n<\/div>\n<div class=\"list\">\n<p class=\"number\">99<\/p>\n<\/div>\n<div class=\"list\">\n<p class=\"number\">420<\/p>\n<\/div>\n<div class=\"list\">\n<p class=\"number\">450<\/p>\n<\/div>\n<\/div>\n<div class=\"esch_list\">\n<div class=\"list\">\n<p class=\"title\">DINING<\/p>\n<\/div>\n<div class=\"list\">\n<p class=\"number\">99<\/p>\n<\/div>\n<div class=\"list\">\n<p class=\"number\">300<\/p>\n<\/div>\n<div class=\"list\">\n<p class=\"number\">350<\/p>\n<\/div>\n<\/div>\n<div class=\"esch_list\">\n<div class=\"list\">\n<p class=\"title\">THEATER<\/p>\n<\/div>\n<div class=\"list\">\n<p class=\"number\">99<\/p>\n<\/div>\n<div class=\"list\">\n<p class=\"number\">300<\/p>\n<\/div>\n<div class=\"list\">\n<p class=\"number\">330<\/p>\n<\/div>\n<\/div>\n<div class=\"esch_list\">\n<div class=\"list\">\n<p class=\"title\">FORT<\/p>\n<\/div>\n<div class=\"list\">\n<p class=\"number\">200 m<sup>2<\/sup><\/p>\n<\/div>\n<div class=\"list\">\n<p class=\"number\">500 m<sup>2<\/sup><\/p>\n<\/div>\n<div class=\"list\">\n<p class=\"number\">600 m<sup>2<\/sup><\/p>\n<\/div>\n<\/div>\n<\/div>\n<p>[\/vc_column_text][\/vc_column][\/vc_row][vc_row el_class=&#8221;image_and_content container_wrapper&#8221;][vc_column width=&#8221;1\/2&#8243;][vc_single_image image=&#8221;998&#8243; img_size=&#8221;full&#8221; css_animation=&#8221;bottom-to-top&#8221; el_id=&#8221;left_image&#8221; el_class=&#8221;left_image&#8221;][\/vc_column][vc_column width=&#8221;1\/2&#8243;][vc_column_text css_animation=&#8221;top-to-bottom&#8221; el_id=&#8221;right_content&#8221; el_class=&#8221;right_content&#8221;]<\/p>\n<div class=\"content_part\">\n<h2>Our Partners<\/h2>\n<p>In order to provide you with an exceptional global experience, the Fortin de Corbi\u00e8res has selected the best professionals from the Grand-Est region: lighting, furniture, caterer, event planner etc. For further information, <a href=\"https:\/\/www.fortindecorbieres.com\/en\/contact\/\">get in touch.<\/a><\/p>\n<\/div>\n<p>[\/vc_column_text][\/vc_column][\/vc_row][\/vc_section]<\/p>\n<\/div>","protected":false},"excerpt":{"rendered":"<p>[vc_section css=&#8221;.vc_custom_1587023118189{margin-right: 0px !important;margin-left: 0px !important;padding-top: 0px !important;padding-right: 0px !important;padding-bottom: 0px !important;padding-left: 0px !important;}&#8221;][vc_row][vc_column][vc_column_text css=&#8221;.vc_custom_1593717655349{margin-bottom: 0px !important;}&#8221;] The Fortin of Corbi\u00e8res DISCOVER [\/vc_column_text][\/vc_column][\/vc_row][\/vc_section][vc_section parallax=&#8221;content-moving&#8221; parallax_image=&#8221;70&#8243; el_id=&#8221;about_quote_section&#8221; el_class=&#8221;about_quote_section&#8221; css=&#8221;.vc_custom_1586324711266{margin-top: 0px !important;margin-right: 0px !important;margin-bottom: 0px !important;margin-left: 0px !important;padding-top: 140px !important;padding-right: 0px !important;padding-bottom: 140px !important;padding-left: 0px !important;}&#8221;][vc_row][vc_column][vc_column_text css_animation=&#8221;bottom-to-top&#8221; css=&#8221;.vc_custom_1593696515479{margin-bottom: 0px !important;}&#8221;] A remarkable space The Fortin de Corbi\u00e8res &hellip; <a href=\"https:\/\/www.fortindecorbieres.com\/en\/lieu-de-reception-a-marseillle\/\" class=\"more-link\">Continue reading <span class=\"screen-reader-text\">About<\/span> <span class=\"meta-nav\">&rarr;<\/span><\/a><\/p>\n","protected":false},"author":1,"featured_media":0,"parent":0,"menu_order":0,"comment_status":"closed","ping_status":"closed","template":"","meta":{"footnotes":""},"class_list":["post-63","page","type-page","status-publish","hentry"],"yoast_head":"<!-- This site is optimized with the Yoast SEO plugin v24.9 - https:\/\/yoast.com\/wordpress\/plugins\/seo\/ -->\n<title>Reception venue in Marseille | Fortin de Corbi\u00e8res<\/title>\n<meta name=\"description\" content=\"Lieu de r\u00e9ception unique \u00e0 Marseille, Le Fortin de Corbi\u00e8res, s&#039;adapte \u00e0 toutes les configurations via ses Espaces int\u00e9rieurs et ext\u00e9rieurs.\" \/>\n<meta name=\"robots\" content=\"index, follow, max-snippet:-1, max-image-preview:large, max-video-preview:-1\" \/>\n<link rel=\"canonical\" href=\"https:\/\/www.fortindecorbieres.com\/en\/lieu-de-reception-a-marseillle\/\" \/>\n<meta property=\"og:locale\" content=\"en_US\" \/>\n<meta property=\"og:type\" content=\"article\" \/>\n<meta property=\"og:title\" content=\"Reception venue in Marseille | Fortin de Corbi\u00e8res\" \/>\n<meta property=\"og:description\" content=\"Lieu de r\u00e9ception unique \u00e0 Marseille, Le Fortin de Corbi\u00e8res, s&#039;adapte \u00e0 toutes les configurations via ses Espaces int\u00e9rieurs et ext\u00e9rieurs.\" \/>\n<meta property=\"og:url\" content=\"https:\/\/www.fortindecorbieres.com\/en\/lieu-de-reception-a-marseillle\/\" \/>\n<meta property=\"og:site_name\" content=\"Fortin de Corbi\u00e8res\" \/>\n<meta property=\"article:modified_time\" content=\"2020-12-22T14:45:30+00:00\" \/>\n<meta name=\"twitter:card\" content=\"summary_large_image\" \/>\n<meta name=\"twitter:label1\" content=\"Est. reading time\" \/>\n\t<meta name=\"twitter:data1\" content=\"8 minutes\" \/>\n<script type=\"application\/ld+json\" class=\"yoast-schema-graph\">{\"@context\":\"https:\/\/schema.org\",\"@graph\":[{\"@type\":\"WebPage\",\"@id\":\"https:\/\/www.fortindecorbieres.com\/en\/lieu-de-reception-a-marseillle\/\",\"url\":\"https:\/\/www.fortindecorbieres.com\/en\/lieu-de-reception-a-marseillle\/\",\"name\":\"Reception venue in Marseille | Fortin de Corbi\u00e8res\",\"isPartOf\":{\"@id\":\"https:\/\/www.fortindecorbieres.com\/en\/#website\"},\"datePublished\":\"2020-04-07T14:17:02+00:00\",\"dateModified\":\"2020-12-22T14:45:30+00:00\",\"description\":\"Lieu de r\u00e9ception unique \u00e0 Marseille, Le Fortin de Corbi\u00e8res, s'adapte \u00e0 toutes les configurations via ses Espaces int\u00e9rieurs et ext\u00e9rieurs.\",\"breadcrumb\":{\"@id\":\"https:\/\/www.fortindecorbieres.com\/en\/lieu-de-reception-a-marseillle\/#breadcrumb\"},\"inLanguage\":\"en-US\",\"potentialAction\":[{\"@type\":\"ReadAction\",\"target\":[\"https:\/\/www.fortindecorbieres.com\/en\/lieu-de-reception-a-marseillle\/\"]}]},{\"@type\":\"BreadcrumbList\",\"@id\":\"https:\/\/www.fortindecorbieres.com\/en\/lieu-de-reception-a-marseillle\/#breadcrumb\",\"itemListElement\":[{\"@type\":\"ListItem\",\"position\":1,\"name\":\"Accueil\",\"item\":\"https:\/\/www.fortindecorbieres.com\/\"},{\"@type\":\"ListItem\",\"position\":2,\"name\":\"About\"}]},{\"@type\":\"WebSite\",\"@id\":\"https:\/\/www.fortindecorbieres.com\/en\/#website\",\"url\":\"https:\/\/www.fortindecorbieres.com\/en\/\",\"name\":\"Fortin de Corbi\u00e8res\",\"description\":\"Lieu de R\u00e9ception embl\u00e9matique \u00e0 Marseille et en Provence\",\"publisher\":{\"@id\":\"https:\/\/www.fortindecorbieres.com\/en\/#organization\"},\"potentialAction\":[{\"@type\":\"SearchAction\",\"target\":{\"@type\":\"EntryPoint\",\"urlTemplate\":\"https:\/\/www.fortindecorbieres.com\/en\/?s={search_term_string}\"},\"query-input\":{\"@type\":\"PropertyValueSpecification\",\"valueRequired\":true,\"valueName\":\"search_term_string\"}}],\"inLanguage\":\"en-US\"},{\"@type\":\"Organization\",\"@id\":\"https:\/\/www.fortindecorbieres.com\/en\/#organization\",\"name\":\"Fortin de Corbi\u00e8res\",\"url\":\"https:\/\/www.fortindecorbieres.com\/en\/\",\"logo\":{\"@type\":\"ImageObject\",\"inLanguage\":\"en-US\",\"@id\":\"https:\/\/www.fortindecorbieres.com\/en\/#\/schema\/logo\/image\/\",\"url\":\"https:\/\/www.fortindecorbieres.com\/wp-content\/uploads\/2020\/06\/Logo_email_Fortin-de-Corbieres.png\",\"contentUrl\":\"https:\/\/www.fortindecorbieres.com\/wp-content\/uploads\/2020\/06\/Logo_email_Fortin-de-Corbieres.png\",\"width\":599,\"height\":427,\"caption\":\"Fortin de Corbi\u00e8res\"},\"image\":{\"@id\":\"https:\/\/www.fortindecorbieres.com\/en\/#\/schema\/logo\/image\/\"}}]}<\/script>\n<!-- \/ Yoast SEO plugin. -->","yoast_head_json":{"title":"Reception venue in Marseille | Fortin de Corbi\u00e8res","description":"Lieu de r\u00e9ception unique \u00e0 Marseille, Le Fortin de Corbi\u00e8res, s'adapte \u00e0 toutes les configurations via ses Espaces int\u00e9rieurs et ext\u00e9rieurs.","robots":{"index":"index","follow":"follow","max-snippet":"max-snippet:-1","max-image-preview":"max-image-preview:large","max-video-preview":"max-video-preview:-1"},"canonical":"https:\/\/www.fortindecorbieres.com\/en\/lieu-de-reception-a-marseillle\/","og_locale":"en_US","og_type":"article","og_title":"Reception venue in Marseille | Fortin de Corbi\u00e8res","og_description":"Lieu de r\u00e9ception unique \u00e0 Marseille, Le Fortin de Corbi\u00e8res, s'adapte \u00e0 toutes les configurations via ses Espaces int\u00e9rieurs et ext\u00e9rieurs.","og_url":"https:\/\/www.fortindecorbieres.com\/en\/lieu-de-reception-a-marseillle\/","og_site_name":"Fortin de Corbi\u00e8res","article_modified_time":"2020-12-22T14:45:30+00:00","twitter_card":"summary_large_image","twitter_misc":{"Est. reading time":"8 minutes"},"schema":{"@context":"https:\/\/schema.org","@graph":[{"@type":"WebPage","@id":"https:\/\/www.fortindecorbieres.com\/en\/lieu-de-reception-a-marseillle\/","url":"https:\/\/www.fortindecorbieres.com\/en\/lieu-de-reception-a-marseillle\/","name":"Reception venue in Marseille | Fortin de Corbi\u00e8res","isPartOf":{"@id":"https:\/\/www.fortindecorbieres.com\/en\/#website"},"datePublished":"2020-04-07T14:17:02+00:00","dateModified":"2020-12-22T14:45:30+00:00","description":"Lieu de r\u00e9ception unique \u00e0 Marseille, Le Fortin de Corbi\u00e8res, s'adapte \u00e0 toutes les configurations via ses Espaces int\u00e9rieurs et ext\u00e9rieurs.","breadcrumb":{"@id":"https:\/\/www.fortindecorbieres.com\/en\/lieu-de-reception-a-marseillle\/#breadcrumb"},"inLanguage":"en-US","potentialAction":[{"@type":"ReadAction","target":["https:\/\/www.fortindecorbieres.com\/en\/lieu-de-reception-a-marseillle\/"]}]},{"@type":"BreadcrumbList","@id":"https:\/\/www.fortindecorbieres.com\/en\/lieu-de-reception-a-marseillle\/#breadcrumb","itemListElement":[{"@type":"ListItem","position":1,"name":"Accueil","item":"https:\/\/www.fortindecorbieres.com\/"},{"@type":"ListItem","position":2,"name":"About"}]},{"@type":"WebSite","@id":"https:\/\/www.fortindecorbieres.com\/en\/#website","url":"https:\/\/www.fortindecorbieres.com\/en\/","name":"Fortin de Corbi\u00e8res","description":"Lieu de R\u00e9ception embl\u00e9matique \u00e0 Marseille et en Provence","publisher":{"@id":"https:\/\/www.fortindecorbieres.com\/en\/#organization"},"potentialAction":[{"@type":"SearchAction","target":{"@type":"EntryPoint","urlTemplate":"https:\/\/www.fortindecorbieres.com\/en\/?s={search_term_string}"},"query-input":{"@type":"PropertyValueSpecification","valueRequired":true,"valueName":"search_term_string"}}],"inLanguage":"en-US"},{"@type":"Organization","@id":"https:\/\/www.fortindecorbieres.com\/en\/#organization","name":"Fortin de Corbi\u00e8res","url":"https:\/\/www.fortindecorbieres.com\/en\/","logo":{"@type":"ImageObject","inLanguage":"en-US","@id":"https:\/\/www.fortindecorbieres.com\/en\/#\/schema\/logo\/image\/","url":"https:\/\/www.fortindecorbieres.com\/wp-content\/uploads\/2020\/06\/Logo_email_Fortin-de-Corbieres.png","contentUrl":"https:\/\/www.fortindecorbieres.com\/wp-content\/uploads\/2020\/06\/Logo_email_Fortin-de-Corbieres.png","width":599,"height":427,"caption":"Fortin de Corbi\u00e8res"},"image":{"@id":"https:\/\/www.fortindecorbieres.com\/en\/#\/schema\/logo\/image\/"}}]}},"_links":{"self":[{"href":"https:\/\/www.fortindecorbieres.com\/en\/wp-json\/wp\/v2\/pages\/63","targetHints":{"allow":["GET"]}}],"collection":[{"href":"https:\/\/www.fortindecorbieres.com\/en\/wp-json\/wp\/v2\/pages"}],"about":[{"href":"https:\/\/www.fortindecorbieres.com\/en\/wp-json\/wp\/v2\/types\/page"}],"author":[{"embeddable":true,"href":"https:\/\/www.fortindecorbieres.com\/en\/wp-json\/wp\/v2\/users\/1"}],"replies":[{"embeddable":true,"href":"https:\/\/www.fortindecorbieres.com\/en\/wp-json\/wp\/v2\/comments?post=63"}],"version-history":[{"count":0,"href":"https:\/\/www.fortindecorbieres.com\/en\/wp-json\/wp\/v2\/pages\/63\/revisions"}],"wp:attachment":[{"href":"https:\/\/www.fortindecorbieres.com\/en\/wp-json\/wp\/v2\/media?parent=63"}],"curies":[{"name":"wp","href":"https:\/\/api.w.org\/{rel}","templated":true}]}}