{"id":3,"date":"2020-04-04T07:43:38","date_gmt":"2020-04-04T07:43:38","guid":{"rendered":"https:\/\/www.fortindecorbieres.com\/?page_id=3"},"modified":"2020-08-05T21:57:35","modified_gmt":"2020-08-05T19:57:35","slug":"privacy-policy","status":"publish","type":"page","link":"https:\/\/www.fortindecorbieres.com\/en\/privacy-policy\/","title":{"rendered":"Privacy Policy"},"content":{"rendered":"<div class=\"wpb-content-wrapper\"><p>[vc_section][vc_row][vc_column][vc_column_text]<\/p>\n<div id=\"inner_banner\" class=\"inner_banner\" data-parallax=\"scroll\" data-image-src=\"https:\/\/www.fortindecorbieres.com\/wp-content\/uploads\/2020\/07\/Professionnels_Fortin-de-Corbie\u0300res_img04.jpg\">\n<div class=\"banner_text\">\n<h2>Privacy Policy<\/h2>\n<div class=\"discover_btn\"><a href=\"#privacy-txt\">DISCOVER<\/a><\/div>\n<\/div>\n<\/div>\n<p>[\/vc_column_text][\/vc_column][\/vc_row][\/vc_section][vc_section css=&#8221;.vc_custom_1596652865830{margin-top: 0px !important;margin-right: 0px !important;margin-bottom: 0px !important;margin-left: 0px !important;padding-top: 140px !important;padding-right: 0px !important;padding-bottom: 140px !important;padding-left: 0px !important;}&#8221; el_id=&#8221;privacy&#8221; el_class=&#8221;privacy&#8221;][vc_row css=&#8221;.vc_custom_1596652891038{margin-top: 0px !important;margin-right: 0px !important;margin-bottom: 0px !important;margin-left: 0px !important;padding-right: 0px !important;padding-left: 0px !important;}&#8221; el_class=&#8221;privacy&#8221; el_id=&#8221;privacy-txt&#8221;][vc_column css=&#8221;.vc_custom_1596652822789{margin-top: 0px !important;margin-right: 0px !important;margin-bottom: 0px !important;margin-left: 0px !important;padding-right: 0px !important;padding-left: 0px !important;}&#8221;][vc_column_text]<\/p>\n<div class=\"privacy-part\">\n<h1>Legal Notice<\/h1>\n<p>Our website address is: www.fortindecorbieres.com<\/p>\n<p>The fortindecorbieres.com website is published by MARQUETEAM EVENTS, a simplified business corporation (soci\u00e9t\u00e9 par actions simplifi\u00e9e) with a capital of 2,500 euros registered under number RCS 827 965 112, with its registered office at Route du Rove Marseille (13016) \u2013 France, and represented in the person of its Founder, Mr. Jean-Christophe MARQUET.<br \/>\nThe hosting for the fortindecorbieres.com website is provided by OVH SAS company, , and having its registered office at 2 rue Kellermann &#8211; 59100 Roubaix \u2013 France.<\/p>\n<p>The Editorial Director is CMO Groupe<br \/>\nContact: contact@fortindecorbieres.com<\/p>\n<p>The \u00abfortindecorbieres.com\u00bb website, its functionalities, and template were designed and created by the agency CMO Groupe for MARQUETEAM EVENTS.<br \/>\nAll editorial and visual content was created by the agency CMO Groupe for MARQUETEAM EVENTS.<\/p>\n<p>The photographs that appear on this website were provided by: Floriane Marenghi, Maelys Izzo and Yohan Brandt.<\/p>\n<\/div>\n<div class=\"privacy-part\">\n<h2>Who are we ?<\/h2>\n<p>&#8220;We&#8221;, &#8220;us&#8221;, &#8220;our&#8221; and &#8220;the Fortin&#8221; refer to MARQUETEAM EVENTS.<br \/>\nA simplified business corporation (soci\u00e9t\u00e9 par actions simplifi\u00e9e) with a capital of 2,500 euros registered under number RCS 827 965 112.<\/p>\n<\/div>\n<div class=\"privacy-part\">\n<h2>Site general conditions of use<\/h2>\n<p>Use of the \u00abfortindecorbieres.com\u00bb website implies full compliance with the general conditions of use described below.<\/p>\n<p>The conditions of use may be altered at any time to take into account technological evolutions. Users of the \u00abfortindecorbieres.com\u00bb website are therefore encouraged to check the conditions on a regular basis.<\/p>\n<p>Users are required to respect the conditions of use defined below and, in particular, the terms of the French law &#8220;informatique et libert\u00e9s&#8221; N\u00b0 78-17 of 6 January 1978, modify by law N\u00b0 2004-801 of 6 August 2004, the french law on &#8220;\u00e9conomie num\u00e9rique&#8221; N\u00b0 2016-1321 called &#8220;loi Lemaire&#8221; and the European regulation 2016\/679 of 27 April 2016 on the protection of natural persons with regard to the processing of personal data and on the free movement of such data, any breach of which could be deemed a criminal offense. Users must refrain from collecting, improperly soliciting, misrepresenting, or using any personal data of the information available online in any way likely to undermine an individual&#8217;s private life or reputation.<\/p>\n<p>For information about the functioning or use of the \u00abfortindecorbieres.com\u00bb website, please contact the webmaster: contact@fortindecorbieres.com<\/p>\n<\/div>\n<div class=\"privacy-part\">\n<h2>Intellectual Property rights<\/h2>\n<p>The general structure, layout and design of the \u00abfortindecorbieres.com\u00bb website, as well as the information, sounds, photographs, images, texts, video sequences, with or without sound, and other materials accessible on the \u00abfortindecorbieres.com\u00bb website are subject to laws protecting intellectual property, MARQUETEAM EVENTS being the owner of or having the corresponding rights for the purposes of this website.<\/p>\n<p>For this reason, any partial or total reproduction, representation, adaptation, translation, and\/or transformation of the \u00abfortindecorbieres.com\u00bb website or one or more of its components by any means (including transfer to another website) without the prior written authorization of MARQUETEAM EVENTS, is strictly prohibited and constitutes an infringement under Article L.335-2 and subsequent articles of the French Intellectual Property Code, which provides for the civil and\/or penal liability of the offender.<\/p>\n<p>Any databases made available on the \u00abfortindecorbieres.com\u00bb website are protected by the provisions of French Law No. 98-536 of July 1, 1998 transposing the Directive 96\/9\/EC of March 11, 1996 on the legal protection of databases into the French Intellectual Property Code. Any reproduction, re-use and\/or extraction of all or any substantial part of the content of these databases is prohibited.<\/p>\n<p>The company name, logos and brands appearing on the \u00abfortindecorbieres.com\u00bb website are registered trademarks of MARQUETEAM EVENTS for which MARQUETEAM EVENTS has a right of use for the purposes of this website. Total or partial reproduction or use of these distinctive signs without the prior written authorization of MARQUETEAM EVENTS is prohibited.<\/p>\n<p>In the event that any party should wish to make use of one or more components of the \u00abfortindecorbieres.com\u00bb website, a request to do so shall be sent by mail to: contact@fortindecorbieres.com<\/p>\n<\/div>\n<div class=\"privacy-part\">\n<h2>Personal data<\/h2>\n<h3>Personal data collected<\/h3>\n<p>In order to answer questions or requests from users of the \u00abfortindecorbieres.com\u00bb website, respond to job applications submitted spontaneously, manage public communications systems, better understand users so as to improve the quality of services offered on the website, press releases, and publications, of the \u00abfortindecorbieres.com\u00bb website, MARQUETEAM EVENTS may need to request personal information such as an email address, either on an optional or required basis. The information will be obtained and treated in a manner respectful of the user&#8217;s privacy and the law. It will be recorded for specific and legitimate purposes and will be used solely for these purposes. The information requested will be sufficient, relevant, and not excessive for these purposes. Precautions will be taken to protect the security and the confidentiality of this data so that it will not be damaged, altered, destroyed, or communicated to unauthorized third parties.<\/p>\n<p>Personal data such as email addresses and\/or personal information collected in this way on the \u00abfortindecorbieres.com\u00bb website is entered voluntarily by users in order to access certain services offered on the website, such as job offers, press releases, MARQUETEAM EVENTS company publications, with the exception of IP addresses, which are recorded automatically.<\/p>\n<\/div>\n<div class=\"privacy-part\">\n<h3>Purposes of data collection<\/h3>\n<p>Data is collected in order to:<\/p>\n<p>&gt; allow MARQUETEAM EVENTS and its subsidiaries to answer requests made by users of the \u00abfortindecorbieres.com\u00bb website, particularly in regard to job applications submitted spontaneously or in response to job and internship offers, as well as to contact users by email to inform them about certain subjects,<br \/>\n&gt; send MARQUETEAM EVENTS publications to users upon their request,<br \/>\n&gt; permit the general functioning of the website.<\/p>\n<\/div>\n<div class=\"privacy-part\">\n<h3>Recipient(s) of data collected<\/h3>\n<p>The personal data collected in the \u00abfortindecorbieres.com\u00bb website is solely intended for MARQUETEAM EVENTS and MARQUETEAM EVENTS company.<\/p>\n<p>The personal data collected through contact forms is solely intended for those responsible for data treatment within MARQUETEAM EVENTS company.<br \/>\nThe personal data collected on the website by MARQUETEAM EVENTS is strictly intended for internal use and is not communicated, ceded, or given to third parties without the express written consent of the user in question, except when required by law.<\/p>\n<p>However, users of the \u00abfortindecorbieres.com\u00bb website give MARQUETEAM EVENTS the right to share all data collected with its service providers, subcontractors, and other MARQUETEAM EVENTS companies if necessary for the purposes mentioned above. In this case, all modifications and\/or deletion of personal data will be signaled to these service providers, subcontractors, and affiliates.<\/p>\n<\/div>\n<div class=\"privacy-part\">\n<h3>Personal data retention period<\/h3>\n<p>In accordance with the French law for a numeric republic N\u00b0 2016-1321 of October 7, 2016 called &#8220;Lemaire&#8221; law, you are informed that Personal data and\/or information concerning use of the \u00abfortindecorbieres.com\u00bb website will not be retained for longer than is necessary for its treatment.<\/p>\n<p>The retention period for recruiting data is 2 years after the last contact with the candidate.<\/p>\n<p>Website use data will be retained for a maximum of 6 months, in accordance with the recommendations of the CNIL.<\/p>\n<\/div>\n<div class=\"privacy-part\">\n<h3>Right to digital dead<\/h3>\n<p>The article 40-1 of french law for a &#8220;r\u00e9publique num\u00e9rique&#8221; N\u00b0 2016-1321 of October 7, 2016 called &#8220;Lemaire&#8221; Law also allows you to early indicate what you want to do with your data after death.<\/p>\n<\/div>\n<div class=\"privacy-part\">\n<h3>Right to access, modify, delete personal data and disappearance<\/h3>\n<p>In accordance with the french and european texts about data protection, MARQUETEAM EVENTSmay add to, modify, delete or erase any incomplete, inexact, or outdated personal data that relates to the functioning of the \u00abfortindecorbieres.com\u00bb website, either through its own initiative or by request of the user in question.<\/p>\n<p>In addition, the \u00abfortindecorbieres.com\u00bb website is being registered on the CNIL, in accordance with the French law number 2004-801 of August 6, 2004, which amended French law number 78-17 of January 6, 1978 relating to data protection.<\/p>\n<p>In accordance with the french and european texts about data protection, users are thus informed of their right to access, modify, or delete personal data that concerns them. These rights may be exercised:<br \/>\n&gt; by simple written request to: MARQUETEAM EVENTS &#8211; Route du Rove 13016 Marseille \u2013 France,<br \/>\n&gt; to the following e-mail address: contact@fortindecorbieres.com<\/p>\n<\/div>\n<div class=\"privacy-part\">\n<h3>Disclaimer<\/h3>\n<p>The information published on the \u00abfortindecorbieres.com\u00bb website is provided solely for convenience and bears no guarantees of any sort. MARQUETEAM EVENTS disclaim all responsibility in case of error or omission. The information may also be modified or updated without notice.<br \/>\nMARQUETEAM EVENTS disclaims all responsibility for content and websites accessible through links on this website.<\/p>\n<p>Users of the \u00abfortindecorbieres.com\u00bb website assume all responsibility for their use of the site. Under no circumstances will MARQUETEAM EVENTS or its subcontractors be held responsible for damages of any nature, direct or indirect, resulting from the content or use of this website and\/or one of the linked websites (including access or inability to access any one of these websites), including, but not limited to, loss of use, financial or commercial loss, loss of software and\/or data, particularly on the user&#8217;s computer.<\/p>\n<\/div>\n<div class=\"privacy-part\">\n<h3>Links<\/h3>\n<p>In application of the recommendations of the CNIL, upon your first connection to the \u00abfortindecorbieres.com\u00bb site, you will be expressly asked to accept the site&#8217;s cookies. The period of validity for this consent is a maximum of 13 months.<\/p>\n<p>Users of the \u00abfortindecorbieres.com\u00bb website may not set up hypertext links to this site without MARQUETEAM EVENTS&#8217;s express consent.<\/p>\n<p>For all requests to create a hypertext link, the user may:<br \/>\n&gt; send a letter to: MARQUETEAM EVENTS \u2013 Route du Rove 13016 Marseille &#8211; France,<br \/>\n&gt; or send an email to: contact@fortindecorbieres.com<\/p>\n<p>In addition to the personal information that the user may supply (such as name, IP address, etc.), the website may use technologies to collect certain technical information related to the users, such as their operating system, the type of browser used, how data circulates, etc.<br \/>\nMARQUETEAM EVENTS may on occasion use cookies to record information related to the computer navigation on this website (pages read, date and time of connection, etc.). A cookie is not capable of identifying a user by name.<\/p>\n<\/div>\n<div class=\"privacy-part\">\n<h2>COOKIES POLICY<\/h2>\n<h3>Definition of cookies<\/h3>\n<p>A cookie is a text file that can be recorded by your browser in a dedicated area of a hard drive of your computer when an online service is consulted.<\/p>\n<p>It is sent by the server of a website to your browser. An anonymous identifier is assigned to each cookie. A physical person cannot be identified with a cookie.<\/p>\n<p>When you consult the \u00abfortindecorbieres.com\u00bb site, we may install different cookies, subject to your acceptance:<\/p>\n<p>&gt; session cookies, which disappear when you leave the site;<br \/>\n&gt; persistent cookies, which remain on your terminal until they expire or until you delete them using your browser&#8217;s functionalities;<br \/>\n&gt; statistical cookies, which measure the audience of our website.<br \/>\nOnly the cookie&#8217;s issuer can read or change information contained in them.<\/p>\n<\/div>\n<div class=\"privacy-part\">\n<h3>Acceptance of cookies<\/h3>\n<p>In application of the recommendations of the CNIL, upon your first connection to the \u00abfortindecorbieres.com\u00bb site, you will be expressly asked to accept the site&#8217;s cookies.<\/p>\n<p>The period of validity for this consent is a maximum of 13 months.<br \/>\nHowever, we hereby inform you that you may reject the recording of cookies by following the operating procedure &#8220;Your cookie choices&#8221; hereunder.<\/p>\n<p>However, please note that if you uninstall a cookie or if you reject the installation of cookies on your computer, you may be excluded from using certain functionalities, pages or areas of the website, for which we shall not be held liable.<\/p>\n<\/div>\n<div class=\"privacy-part\">\n<h3>Your cookie choices<\/h3>\n<p>You can choose to accept the deposit of cookies on your device and change this decision at any time by modifying the settings of your internet browser.<\/p>\n<p>Depending on the type of browser, you will have the following options: accept or reject cookies of any origin or from a given source or else schedule a message asking for your consent each time a cookie is to be placed on your terminal.<\/p>\n<\/div>\n<p>[\/vc_column_text][\/vc_column][\/vc_row][\/vc_section]<\/p>\n<\/div>","protected":false},"excerpt":{"rendered":"<p>[vc_section][vc_row][vc_column][vc_column_text] Privacy Policy DISCOVER [\/vc_column_text][\/vc_column][\/vc_row][\/vc_section][vc_section css=&#8221;.vc_custom_1596652865830{margin-top: 0px !important;margin-right: 0px !important;margin-bottom: 0px !important;margin-left: 0px !important;padding-top: 140px !important;padding-right: 0px !important;padding-bottom: 140px !important;padding-left: 0px !important;}&#8221; el_id=&#8221;privacy&#8221; el_class=&#8221;privacy&#8221;][vc_row css=&#8221;.vc_custom_1596652891038{margin-top: 0px !important;margin-right: 0px !important;margin-bottom: 0px !important;margin-left: 0px !important;padding-right: 0px !important;padding-left: 0px !important;}&#8221; el_class=&#8221;privacy&#8221; el_id=&#8221;privacy-txt&#8221;][vc_column css=&#8221;.vc_custom_1596652822789{margin-top: 0px !important;margin-right: 0px !important;margin-bottom: 0px !important;margin-left: 0px !important;padding-right: 0px !important;padding-left: 0px !important;}&#8221;][vc_column_text] Legal Notice Our &hellip; <a href=\"https:\/\/www.fortindecorbieres.com\/en\/privacy-policy\/\" class=\"more-link\">Continue reading <span class=\"screen-reader-text\">Privacy Policy<\/span> <span class=\"meta-nav\">&rarr;<\/span><\/a><\/p>\n","protected":false},"author":1,"featured_media":0,"parent":0,"menu_order":0,"comment_status":"closed","ping_status":"open","template":"","meta":{"footnotes":""},"class_list":["post-3","page","type-page","status-publish","hentry"],"yoast_head":"<!-- This site is optimized with the Yoast SEO plugin v24.9 - https:\/\/yoast.com\/wordpress\/plugins\/seo\/ -->\n<title>Privacy Policy | Fortin de Corbi\u00e8res<\/title>\n<meta name=\"robots\" content=\"index, follow, max-snippet:-1, max-image-preview:large, max-video-preview:-1\" \/>\n<link rel=\"canonical\" href=\"https:\/\/www.fortindecorbieres.com\/en\/privacy-policy\/\" \/>\n<meta property=\"og:locale\" content=\"en_US\" \/>\n<meta property=\"og:type\" content=\"article\" \/>\n<meta property=\"og:title\" content=\"Privacy Policy | Fortin de Corbi\u00e8res\" \/>\n<meta property=\"og:description\" content=\"[vc_section][vc_row][vc_column][vc_column_text] Privacy Policy DISCOVER [\/vc_column_text][\/vc_column][\/vc_row][\/vc_section][vc_section css=&#8221;.vc_custom_1596652865830{margin-top: 0px !important;margin-right: 0px !important;margin-bottom: 0px !important;margin-left: 0px !important;padding-top: 140px !important;padding-right: 0px !important;padding-bottom: 140px !important;padding-left: 0px !important;}&#8221; el_id=&#8221;privacy&#8221; el_class=&#8221;privacy&#8221;][vc_row css=&#8221;.vc_custom_1596652891038{margin-top: 0px !important;margin-right: 0px !important;margin-bottom: 0px !important;margin-left: 0px !important;padding-right: 0px !important;padding-left: 0px !important;}&#8221; el_class=&#8221;privacy&#8221; el_id=&#8221;privacy-txt&#8221;][vc_column css=&#8221;.vc_custom_1596652822789{margin-top: 0px !important;margin-right: 0px !important;margin-bottom: 0px !important;margin-left: 0px !important;padding-right: 0px !important;padding-left: 0px !important;}&#8221;][vc_column_text] Legal Notice Our &hellip; Continue reading Privacy Policy &rarr;\" \/>\n<meta property=\"og:url\" content=\"https:\/\/www.fortindecorbieres.com\/en\/privacy-policy\/\" \/>\n<meta property=\"og:site_name\" content=\"Fortin de Corbi\u00e8res\" \/>\n<meta property=\"article:modified_time\" content=\"2020-08-05T19:57:35+00:00\" \/>\n<meta name=\"twitter:card\" content=\"summary_large_image\" \/>\n<meta name=\"twitter:label1\" content=\"Est. reading time\" \/>\n\t<meta name=\"twitter:data1\" content=\"21 minutes\" \/>\n<script type=\"application\/ld+json\" class=\"yoast-schema-graph\">{\"@context\":\"https:\/\/schema.org\",\"@graph\":[{\"@type\":\"WebPage\",\"@id\":\"https:\/\/www.fortindecorbieres.com\/en\/privacy-policy\/\",\"url\":\"https:\/\/www.fortindecorbieres.com\/en\/privacy-policy\/\",\"name\":\"Privacy Policy | Fortin de Corbi\u00e8res\",\"isPartOf\":{\"@id\":\"https:\/\/www.fortindecorbieres.com\/en\/#website\"},\"datePublished\":\"2020-04-04T07:43:38+00:00\",\"dateModified\":\"2020-08-05T19:57:35+00:00\",\"breadcrumb\":{\"@id\":\"https:\/\/www.fortindecorbieres.com\/en\/privacy-policy\/#breadcrumb\"},\"inLanguage\":\"en-US\",\"potentialAction\":[{\"@type\":\"ReadAction\",\"target\":[\"https:\/\/www.fortindecorbieres.com\/en\/privacy-policy\/\"]}]},{\"@type\":\"BreadcrumbList\",\"@id\":\"https:\/\/www.fortindecorbieres.com\/en\/privacy-policy\/#breadcrumb\",\"itemListElement\":[{\"@type\":\"ListItem\",\"position\":1,\"name\":\"Accueil\",\"item\":\"https:\/\/www.fortindecorbieres.com\/\"},{\"@type\":\"ListItem\",\"position\":2,\"name\":\"Privacy Policy\"}]},{\"@type\":\"WebSite\",\"@id\":\"https:\/\/www.fortindecorbieres.com\/en\/#website\",\"url\":\"https:\/\/www.fortindecorbieres.com\/en\/\",\"name\":\"Fortin de Corbi\u00e8res\",\"description\":\"Lieu de R\u00e9ception embl\u00e9matique \u00e0 Marseille et en Provence\",\"publisher\":{\"@id\":\"https:\/\/www.fortindecorbieres.com\/en\/#organization\"},\"potentialAction\":[{\"@type\":\"SearchAction\",\"target\":{\"@type\":\"EntryPoint\",\"urlTemplate\":\"https:\/\/www.fortindecorbieres.com\/en\/?s={search_term_string}\"},\"query-input\":{\"@type\":\"PropertyValueSpecification\",\"valueRequired\":true,\"valueName\":\"search_term_string\"}}],\"inLanguage\":\"en-US\"},{\"@type\":\"Organization\",\"@id\":\"https:\/\/www.fortindecorbieres.com\/en\/#organization\",\"name\":\"Fortin de Corbi\u00e8res\",\"url\":\"https:\/\/www.fortindecorbieres.com\/en\/\",\"logo\":{\"@type\":\"ImageObject\",\"inLanguage\":\"en-US\",\"@id\":\"https:\/\/www.fortindecorbieres.com\/en\/#\/schema\/logo\/image\/\",\"url\":\"https:\/\/www.fortindecorbieres.com\/wp-content\/uploads\/2020\/06\/Logo_email_Fortin-de-Corbieres.png\",\"contentUrl\":\"https:\/\/www.fortindecorbieres.com\/wp-content\/uploads\/2020\/06\/Logo_email_Fortin-de-Corbieres.png\",\"width\":599,\"height\":427,\"caption\":\"Fortin de Corbi\u00e8res\"},\"image\":{\"@id\":\"https:\/\/www.fortindecorbieres.com\/en\/#\/schema\/logo\/image\/\"}}]}<\/script>\n<!-- \/ Yoast SEO plugin. -->","yoast_head_json":{"title":"Privacy Policy | Fortin de Corbi\u00e8res","robots":{"index":"index","follow":"follow","max-snippet":"max-snippet:-1","max-image-preview":"max-image-preview:large","max-video-preview":"max-video-preview:-1"},"canonical":"https:\/\/www.fortindecorbieres.com\/en\/privacy-policy\/","og_locale":"en_US","og_type":"article","og_title":"Privacy Policy | Fortin de Corbi\u00e8res","og_description":"[vc_section][vc_row][vc_column][vc_column_text] Privacy Policy DISCOVER [\/vc_column_text][\/vc_column][\/vc_row][\/vc_section][vc_section css=&#8221;.vc_custom_1596652865830{margin-top: 0px !important;margin-right: 0px !important;margin-bottom: 0px !important;margin-left: 0px !important;padding-top: 140px !important;padding-right: 0px !important;padding-bottom: 140px !important;padding-left: 0px !important;}&#8221; el_id=&#8221;privacy&#8221; el_class=&#8221;privacy&#8221;][vc_row css=&#8221;.vc_custom_1596652891038{margin-top: 0px !important;margin-right: 0px !important;margin-bottom: 0px !important;margin-left: 0px !important;padding-right: 0px !important;padding-left: 0px !important;}&#8221; el_class=&#8221;privacy&#8221; el_id=&#8221;privacy-txt&#8221;][vc_column css=&#8221;.vc_custom_1596652822789{margin-top: 0px !important;margin-right: 0px !important;margin-bottom: 0px !important;margin-left: 0px !important;padding-right: 0px !important;padding-left: 0px !important;}&#8221;][vc_column_text] Legal Notice Our &hellip; Continue reading Privacy Policy &rarr;","og_url":"https:\/\/www.fortindecorbieres.com\/en\/privacy-policy\/","og_site_name":"Fortin de Corbi\u00e8res","article_modified_time":"2020-08-05T19:57:35+00:00","twitter_card":"summary_large_image","twitter_misc":{"Est. reading time":"21 minutes"},"schema":{"@context":"https:\/\/schema.org","@graph":[{"@type":"WebPage","@id":"https:\/\/www.fortindecorbieres.com\/en\/privacy-policy\/","url":"https:\/\/www.fortindecorbieres.com\/en\/privacy-policy\/","name":"Privacy Policy | Fortin de Corbi\u00e8res","isPartOf":{"@id":"https:\/\/www.fortindecorbieres.com\/en\/#website"},"datePublished":"2020-04-04T07:43:38+00:00","dateModified":"2020-08-05T19:57:35+00:00","breadcrumb":{"@id":"https:\/\/www.fortindecorbieres.com\/en\/privacy-policy\/#breadcrumb"},"inLanguage":"en-US","potentialAction":[{"@type":"ReadAction","target":["https:\/\/www.fortindecorbieres.com\/en\/privacy-policy\/"]}]},{"@type":"BreadcrumbList","@id":"https:\/\/www.fortindecorbieres.com\/en\/privacy-policy\/#breadcrumb","itemListElement":[{"@type":"ListItem","position":1,"name":"Accueil","item":"https:\/\/www.fortindecorbieres.com\/"},{"@type":"ListItem","position":2,"name":"Privacy Policy"}]},{"@type":"WebSite","@id":"https:\/\/www.fortindecorbieres.com\/en\/#website","url":"https:\/\/www.fortindecorbieres.com\/en\/","name":"Fortin de Corbi\u00e8res","description":"Lieu de R\u00e9ception embl\u00e9matique \u00e0 Marseille et en Provence","publisher":{"@id":"https:\/\/www.fortindecorbieres.com\/en\/#organization"},"potentialAction":[{"@type":"SearchAction","target":{"@type":"EntryPoint","urlTemplate":"https:\/\/www.fortindecorbieres.com\/en\/?s={search_term_string}"},"query-input":{"@type":"PropertyValueSpecification","valueRequired":true,"valueName":"search_term_string"}}],"inLanguage":"en-US"},{"@type":"Organization","@id":"https:\/\/www.fortindecorbieres.com\/en\/#organization","name":"Fortin de Corbi\u00e8res","url":"https:\/\/www.fortindecorbieres.com\/en\/","logo":{"@type":"ImageObject","inLanguage":"en-US","@id":"https:\/\/www.fortindecorbieres.com\/en\/#\/schema\/logo\/image\/","url":"https:\/\/www.fortindecorbieres.com\/wp-content\/uploads\/2020\/06\/Logo_email_Fortin-de-Corbieres.png","contentUrl":"https:\/\/www.fortindecorbieres.com\/wp-content\/uploads\/2020\/06\/Logo_email_Fortin-de-Corbieres.png","width":599,"height":427,"caption":"Fortin de Corbi\u00e8res"},"image":{"@id":"https:\/\/www.fortindecorbieres.com\/en\/#\/schema\/logo\/image\/"}}]}},"_links":{"self":[{"href":"https:\/\/www.fortindecorbieres.com\/en\/wp-json\/wp\/v2\/pages\/3","targetHints":{"allow":["GET"]}}],"collection":[{"href":"https:\/\/www.fortindecorbieres.com\/en\/wp-json\/wp\/v2\/pages"}],"about":[{"href":"https:\/\/www.fortindecorbieres.com\/en\/wp-json\/wp\/v2\/types\/page"}],"author":[{"embeddable":true,"href":"https:\/\/www.fortindecorbieres.com\/en\/wp-json\/wp\/v2\/users\/1"}],"replies":[{"embeddable":true,"href":"https:\/\/www.fortindecorbieres.com\/en\/wp-json\/wp\/v2\/comments?post=3"}],"version-history":[{"count":0,"href":"https:\/\/www.fortindecorbieres.com\/en\/wp-json\/wp\/v2\/pages\/3\/revisions"}],"wp:attachment":[{"href":"https:\/\/www.fortindecorbieres.com\/en\/wp-json\/wp\/v2\/media?parent=3"}],"curies":[{"name":"wp","href":"https:\/\/api.w.org\/{rel}","templated":true}]}}