{"id":2,"date":"2020-04-04T07:43:38","date_gmt":"2020-04-04T07:43:38","guid":{"rendered":"https:\/\/www.fortindecorbieres.com\/?page_id=2"},"modified":"2022-10-12T16:41:50","modified_gmt":"2022-10-12T14:41:50","slug":"home","status":"publish","type":"page","link":"https:\/\/www.fortindecorbieres.com\/en\/","title":{"rendered":"Fortin de Corbi\u00e8res"},"content":{"rendered":"<div class=\"wpb-content-wrapper\"><p>[vc_section][vc_row][vc_column][vc_column_text css=&#8221;.vc_custom_1593698055418{margin-bottom: 0px !important;}&#8221;]<\/p>\n<div id=\"home_banner\" class=\"home_banner\" data-parallax=\"scroll\" data-image-src=\"https:\/\/www.fortindecorbieres.com\/wp-content\/uploads\/2020\/07\/Fortin-de-Corbie\u0300res_img01.jpg\">\n<div class=\"banner_text\">\n<h2>Entre ciel et mer<\/h2>\n<div class=\"discover_btn\"><a href=\"#welcome_section\">D\u00c9COUVRIR<\/a><\/div>\n<\/div>\n<\/div>\n<p>[\/vc_column_text][\/vc_column][\/vc_row][\/vc_section][vc_section el_id=&#8221;welcome_section&#8221; el_class=&#8221;welcome_section&#8221; css=&#8221;.vc_custom_1587036984569{padding-top: 150px !important;padding-bottom: 100px !important;}&#8221;][vc_row css_animation=&#8221;none&#8221; el_class=&#8221;container_wrapper&#8221;][vc_column][vc_column_text css_animation=&#8221;top-to-bottom&#8221; el_class=&#8221;welcome_text&#8221;]<span style=\"scroll-behavior: smooth;\">BIENVENUE<\/span><\/p>\n<h1>Un lieu in\u00e9dit pour vos r\u00e9ceptions priv\u00e9es et vos \u00e9v\u00e9nements professionnels.<\/h1>\n<p>[\/vc_column_text][vc_row_inner el_class=&#8221;text_panel&#8221;][vc_column_inner width=&#8221;1\/2&#8243;][vc_single_image image=&#8221;797&#8243; img_size=&#8221;full&#8221; css_animation=&#8221;bottom-to-top&#8221; el_class=&#8221;left_image&#8221;][\/vc_column_inner][vc_column_inner width=&#8221;1\/2&#8243;][vc_single_image image=&#8221;801&#8243; img_size=&#8221;full&#8221; alignment=&#8221;right&#8221; css_animation=&#8221;bottom-to-top&#8221; el_class=&#8221;right_image&#8221;][\/vc_column_inner][\/vc_row_inner][\/vc_column][\/vc_row][\/vc_section][vc_section el_class=&#8221;about_fortin&#8221; el_id=&#8221;about_fortin&#8221; css=&#8221;.vc_custom_1585999756593{padding-top: 35px !important;padding-bottom: 100px !important;}&#8221;][vc_row el_class=&#8221;container_wrapper&#8221;][vc_column][vc_row_inner][vc_column_inner][vc_column_text css_animation=&#8221;top-to-bottom&#8221; el_class=&#8221;heding_text&#8221;]<a href=\"https:\/\/www.fortindecorbieres.com\/a-propos\/\" target=\"_blank\" rel=\"noopener noreferrer\">LE FORTIN<\/a><\/p>\n<h2>Une b\u00e2tisse \u00e9difi\u00e9e en 1861<\/h2>\n<p>[\/vc_column_text][\/vc_column_inner][\/vc_row_inner][\/vc_column][\/vc_row][vc_row el_id=&#8221;text_panel&#8221; el_class=&#8221;text_panel&#8221;][vc_column width=&#8221;1\/2&#8243;][vc_column_text css_animation=&#8221;fadeIn&#8221; el_class=&#8221;left_text_panel&#8221;]Surplombant la rade de Marseille, le Fortin de Corbi\u00e8res, b\u00e2ti au XIX\u00e8me si\u00e8cle, avait pour vocation premi\u00e8re d\u2019assurer la surveillance du trafic portuaire de la ville. Ce lieu historique, nich\u00e9 dans un cadre exceptionnel, fut ensuite transform\u00e9 avec \u00e9l\u00e9gance en berceau de l\u2019art et de la culture locale, o\u00f9 \u00e9taient expos\u00e9es les toiles du c\u00e9l\u00e8bre peintre marseillais Adolphe Joseph Thomas Monticelli.[\/vc_column_text][\/vc_column][vc_column width=&#8221;1\/2&#8243;][vc_column_text css_animation=&#8221;fadeIn&#8221; el_class=&#8221;right_text_panel&#8221;]Depuis, la b\u00e2tisse de pr\u00e8s de 700 m\u00b2\u00a0 au style n\u00e9o-classique a retrouv\u00e9 ses plus belles lettres de noblesse : restaur\u00e9e, agrandie et embellie. Devenu un lieu de r\u00e9ception hors du temps, voguant entre ciel et mer, le Fortin de Corbi\u00e8res est aujourd\u2019hui une invitation aux \u00e9chapp\u00e9es belles et aux \u00e9v\u00e9nements heureux.[\/vc_column_text][\/vc_column][\/vc_row][\/vc_section][vc_section parallax=&#8221;content-moving&#8221;][vc_row][vc_column][vc_column_text]<\/p>\n<div id=\"home_banner\" class=\"home_banner\" data-parallax=\"scroll\" data-image-src=\"https:\/\/www.fortindecorbieres.com\/wp-content\/uploads\/2020\/07\/Terrasse_Fortin-de-Corbie\u0300res_Marseille.jpg\">\n<div class=\"banner_text\"><\/div>\n<\/div>\n<p>[\/vc_column_text][\/vc_column][\/vc_row][\/vc_section][vc_section el_id=&#8221;garden_section&#8221; el_class=&#8221;garden_section&#8221; css=&#8221;.vc_custom_1586158544223{padding-top: 95px !important;padding-bottom: 100px !important;}&#8221;][vc_row el_class=&#8221;container_wrapper&#8221;][vc_column][vc_column_text css_animation=&#8221;top-to-bottom&#8221; el_class=&#8221;heading_area&#8221;]LES JARDINS<\/p>\n<h2>Un panorama sur plusieurs niveaux juxtapos\u00e9s \u00e0 la roche, sous le son des cigales&#8230;<\/h2>\n<p>[\/vc_column_text][\/vc_column][\/vc_row][vc_row el_id=&#8221;image_and_content&#8221; el_class=&#8221;image_and_content container_wrapper&#8221;][vc_column width=&#8221;1\/2&#8243;][vc_single_image image=&#8221;778&#8243; img_size=&#8221;full&#8221; css_animation=&#8221;bottom-to-top&#8221; el_id=&#8221;left_image&#8221; el_class=&#8221;left_image&#8221;][vc_column_text css_animation=&#8221;bottom-to-top&#8221; el_id=&#8221;left_content&#8221; el_class=&#8221;left_content&#8221;]<\/p>\n<h2>La Piscine<\/h2>\n<p>Dominant la baie de l\u2019Estaque, la piscine du Fortin de Corbi\u00e8res se situe au dernier niveau des jardins, d\u2019o\u00f9 l\u2019on y admire un spectacle naturel et culturel sensationnel. Un espace de vill\u00e9giature par excellence, \u00e0 l\u2019abri des regards, \u00e9quip\u00e9 pour le confort de ses h\u00f4tes : transats, vestiaires, salon d\u2019\u00e9t\u00e9&#8230; Profitez, admirez.[\/vc_column_text][\/vc_column][vc_column width=&#8221;1\/2&#8243;][vc_single_image image=&#8221;792&#8243; img_size=&#8221;full&#8221; alignment=&#8221;right&#8221; css_animation=&#8221;bottom-to-top&#8221; el_id=&#8221;right_image1&#8243; el_class=&#8221;right_image1&#8243;][vc_column_text css_animation=&#8221;bottom-to-top&#8221; el_id=&#8221;right_content&#8221; el_class=&#8221;right_content&#8221;]<\/p>\n<h2>La Terrasse<\/h2>\n<p>Adoss\u00e9e \u00e0 la piscine et id\u00e9alement situ\u00e9e, la Terrasse du Fortin de Corbi\u00e8res offre une esquisse unique de la ville de Marseille et un nombre infini de panoramas. Un lieu, \u00e0 la fois intimiste et spacieux, qui a \u00e9t\u00e9 pens\u00e9 comme un espace modulable, s\u2019adaptant au gr\u00e9 des envies et des \u00e9v\u00e9nements qui s\u2019y d\u00e9roulent.[\/vc_column_text][vc_single_image image=&#8221;776&#8243; img_size=&#8221;full&#8221; alignment=&#8221;right&#8221; css_animation=&#8221;bottom-to-top&#8221; el_id=&#8221;right_image2&#8243; el_class=&#8221;right_image2&#8243;][\/vc_column][\/vc_row][\/vc_section][vc_section parallax=&#8221;content-moving&#8221;][vc_row][vc_column][vc_column_text]<\/p>\n<div id=\"home_banner\" class=\"home_banner\" data-parallax=\"scroll\" data-image-src=\"https:\/\/www.fortindecorbieres.com\/wp-content\/uploads\/2020\/07\/Contactez-nous_Fortin-de-Corbie\u0300res_img01.jpg\">\n<div class=\"banner_text\"><\/div>\n<\/div>\n<p>[\/vc_column_text][\/vc_column][\/vc_row][\/vc_section][vc_row][vc_column]\n            <div \n                class=\"elfsight-widget-cookie-consent elfsight-widget\" \n                data-elfsight-cookie-consent-options=\"%7B%22complianceType%22%3A%22cookies%22%2C%22lang%22%3A%22en%22%2C%22message%22%3A%22We%20use%20cookie%20to%20improve%20your%20experience%20on%20our%20site.%20By%20using%20our%20site%20you%20consent%20cookies.%22%2C%22policyType%22%3A%22link%22%2C%22policyUrl%22%3A%22https%3A%5C%2F%5C%2Fwww.fortindecorbieres.com%5C%2Fprivacy-policy%5C%2F%22%2C%22policyLinkText%22%3A%22Learn%20more%22%2C%22showConfirmationButton%22%3Atrue%2C%22confirmationButtonText%22%3A%22OK%22%2C%22allowButtonText%22%3A%22Allow%20Cookies%22%2C%22declineButtonText%22%3A%22Decline%22%2C%22showCookieIcon%22%3Afalse%2C%22cookieIconType%22%3A%22default%22%2C%22cookieIconCustom%22%3Anull%2C%22layout%22%3A%22bottomBanner%22%2C%22backgroundColor%22%3A%22rgb%2837%2C%2037%2C%2040%29%22%2C%22textColor%22%3A%22rgb%28255%2C%20255%2C%20255%29%22%2C%22linkColor%22%3A%22rgb%28255%2C%20255%2C%20255%29%22%2C%22confirmationButtonColor%22%3A%22rgb%28255%2C%20255%2C%20255%29%22%2C%22allowButtonColor%22%3A%22rgb%28255%2C%20255%2C%20255%29%22%2C%22declineButtonColor%22%3A%22rgb%28255%2C%20255%2C%20255%29%22%2C%22textFontSize%22%3A12%2C%22widgetId%22%3A%221%22%7D\" \n                data-elfsight-cookie-consent-version=\"1.0.2\"\n                data-elfsight-widget-id=\"elfsight-cookie-consent-1\">\n            <\/div>\n            [\/vc_column][\/vc_row][vc_row][vc_column][vc_raw_js]JTNDJTIxLS0lMjBHb29nbGUlMjB0YWclMjAlMjhndGFnLmpzJTI5JTIwLS0lM0UlMEElM0NzY3JpcHQlMjBhc3luYyUyMHNyYyUzRCUyMmh0dHBzJTNBJTJGJTJGd3d3Lmdvb2dsZXRhZ21hbmFnZXIuY29tJTJGZ3RhZyUyRmpzJTNGaWQlM0RHLUY0R0UwNENENUUlMjIlM0UlM0MlMkZzY3JpcHQlM0UlMEElM0NzY3JpcHQlM0UlMEElMjAlMjB3aW5kb3cuZGF0YUxheWVyJTIwJTNEJTIwd2luZG93LmRhdGFMYXllciUyMCU3QyU3QyUyMCU1QiU1RCUzQiUwQSUyMCUyMGZ1bmN0aW9uJTIwZ3RhZyUyOCUyOSU3QmRhdGFMYXllci5wdXNoJTI4YXJndW1lbnRzJTI5JTNCJTdEJTBBJTIwJTIwZ3RhZyUyOCUyN2pzJTI3JTJDJTIwbmV3JTIwRGF0ZSUyOCUyOSUyOSUzQiUwQSUwQSUyMCUyMGd0YWclMjglMjdjb25maWclMjclMkMlMjAlMjdHLUY0R0UwNENENUUlMjclMjklM0IlMEElM0MlMkZzY3JpcHQlM0U=[\/vc_raw_js][\/vc_column][\/vc_row]<\/p>\n<\/div>","protected":false},"excerpt":{"rendered":"<p>[vc_section][vc_row][vc_column][vc_column_text css=&#8221;.vc_custom_1593698055418{margin-bottom: 0px !important;}&#8221;] Entre ciel et mer D\u00c9COUVRIR [\/vc_column_text][\/vc_column][\/vc_row][\/vc_section][vc_section el_id=&#8221;welcome_section&#8221; el_class=&#8221;welcome_section&#8221; css=&#8221;.vc_custom_1587036984569{padding-top: 150px !important;padding-bottom: 100px !important;}&#8221;][vc_row css_animation=&#8221;none&#8221; el_class=&#8221;container_wrapper&#8221;][vc_column][vc_column_text css_animation=&#8221;top-to-bottom&#8221; el_class=&#8221;welcome_text&#8221;]BIENVENUE Un lieu in\u00e9dit pour vos r\u00e9ceptions priv\u00e9es et vos \u00e9v\u00e9nements professionnels. [\/vc_column_text][vc_row_inner el_class=&#8221;text_panel&#8221;][vc_column_inner width=&#8221;1\/2&#8243;][vc_single_image image=&#8221;797&#8243; img_size=&#8221;full&#8221; css_animation=&#8221;bottom-to-top&#8221; el_class=&#8221;left_image&#8221;][\/vc_column_inner][vc_column_inner width=&#8221;1\/2&#8243;][vc_single_image image=&#8221;801&#8243; img_size=&#8221;full&#8221; alignment=&#8221;right&#8221; css_animation=&#8221;bottom-to-top&#8221; el_class=&#8221;right_image&#8221;][\/vc_column_inner][\/vc_row_inner][\/vc_column][\/vc_row][\/vc_section][vc_section el_class=&#8221;about_fortin&#8221; el_id=&#8221;about_fortin&#8221; css=&#8221;.vc_custom_1585999756593{padding-top: 35px !important;padding-bottom: 100px !important;}&#8221;][vc_row el_class=&#8221;container_wrapper&#8221;][vc_column][vc_row_inner][vc_column_inner][vc_column_text css_animation=&#8221;top-to-bottom&#8221; el_class=&#8221;heding_text&#8221;]LE &hellip; <a href=\"https:\/\/www.fortindecorbieres.com\/en\/\" class=\"more-link\">Continue reading <span class=\"screen-reader-text\">Fortin de Corbi\u00e8res<\/span> <span class=\"meta-nav\">&rarr;<\/span><\/a><\/p>\n","protected":false},"author":1,"featured_media":0,"parent":0,"menu_order":0,"comment_status":"closed","ping_status":"open","template":"","meta":{"footnotes":""},"class_list":["post-2","page","type-page","status-publish","hentry"],"yoast_head":"<!-- This site is optimized with the Yoast SEO plugin v24.9 - https:\/\/yoast.com\/wordpress\/plugins\/seo\/ -->\n<title>Fortin de Corbi\u00e8res | An Awesome Reception Place in Marseille<\/title>\n<meta name=\"description\" content=\"Welcome to the Fortin de Corbi\u00e8res. A unique place for your private receptions - wedding and professional events in Marseille, situated between sea and sky.\" \/>\n<meta name=\"robots\" content=\"index, follow, max-snippet:-1, max-image-preview:large, max-video-preview:-1\" \/>\n<link rel=\"canonical\" href=\"https:\/\/www.fortindecorbieres.com\/\" \/>\n<meta property=\"og:locale\" content=\"en_US\" \/>\n<meta property=\"og:type\" content=\"article\" \/>\n<meta property=\"og:title\" content=\"[:en]Fortin de Corbi\u00e8res | An Awesome Reception Place in Marseille[:fr]Fortin de Corbi\u00e8res | Un Lieu de R\u00e9ception Unique \u00e0 Marseille[:]\" \/>\n<meta property=\"og:description\" content=\"{:en}Welcome to the Fortin de Corbi\u00e8res. A unique place for your private receptions - wedding and professional events in Marseille, situated between sea and sky.{:fr}Bienvenue au Fortin de Corbi\u00e8res. Un lieu in\u00e9dit pour vos r\u00e9ceptions priv\u00e9es et vos \u00e9v\u00e9nements professionnels, situ\u00e9 entre ciel et mer.{:}\" \/>\n<meta property=\"og:url\" content=\"https:\/\/www.fortindecorbieres.com\/\" \/>\n<meta property=\"og:site_name\" content=\"Fortin de Corbi\u00e8res\" \/>\n<meta property=\"article:modified_time\" content=\"2022-10-12T14:41:50+00:00\" \/>\n<meta name=\"twitter:card\" content=\"summary_large_image\" \/>\n<meta name=\"twitter:label1\" content=\"Est. reading time\" \/>\n\t<meta name=\"twitter:data1\" content=\"2 minutes\" \/>\n<script type=\"application\/ld+json\" class=\"yoast-schema-graph\">{\"@context\":\"https:\/\/schema.org\",\"@graph\":[{\"@type\":\"WebPage\",\"@id\":\"https:\/\/www.fortindecorbieres.com\/\",\"url\":\"https:\/\/www.fortindecorbieres.com\/\",\"name\":\"[:en]Fortin de Corbi\u00e8res | An Awesome Reception Place in Marseille[:fr]Fortin de Corbi\u00e8res | Un Lieu de R\u00e9ception Unique \u00e0 Marseille[:]\",\"isPartOf\":{\"@id\":\"https:\/\/www.fortindecorbieres.com\/en\/#website\"},\"datePublished\":\"2020-04-04T07:43:38+00:00\",\"dateModified\":\"2022-10-12T14:41:50+00:00\",\"description\":\"{:en}Welcome to the Fortin de Corbi\u00e8res. A unique place for your private receptions - wedding and professional events in Marseille, situated between sea and sky.{:fr}Bienvenue au Fortin de Corbi\u00e8res. Un lieu in\u00e9dit pour vos r\u00e9ceptions priv\u00e9es et vos \u00e9v\u00e9nements professionnels, situ\u00e9 entre ciel et mer.{:}\",\"breadcrumb\":{\"@id\":\"https:\/\/www.fortindecorbieres.com\/#breadcrumb\"},\"inLanguage\":\"en-US\",\"potentialAction\":[{\"@type\":\"ReadAction\",\"target\":[\"https:\/\/www.fortindecorbieres.com\/\"]}]},{\"@type\":\"BreadcrumbList\",\"@id\":\"https:\/\/www.fortindecorbieres.com\/#breadcrumb\",\"itemListElement\":[{\"@type\":\"ListItem\",\"position\":1,\"name\":\"Accueil\",\"item\":\"https:\/\/www.fortindecorbieres.com\/\"},{\"@type\":\"ListItem\",\"position\":2,\"name\":\"Fortin de Corbi\u00e8res\"}]},{\"@type\":\"WebSite\",\"@id\":\"https:\/\/www.fortindecorbieres.com\/en\/#website\",\"url\":\"https:\/\/www.fortindecorbieres.com\/en\/\",\"name\":\"Fortin de Corbi\u00e8res\",\"description\":\"Lieu de R\u00e9ception embl\u00e9matique \u00e0 Marseille et en Provence\",\"publisher\":{\"@id\":\"https:\/\/www.fortindecorbieres.com\/en\/#organization\"},\"potentialAction\":[{\"@type\":\"SearchAction\",\"target\":{\"@type\":\"EntryPoint\",\"urlTemplate\":\"https:\/\/www.fortindecorbieres.com\/en\/?s={search_term_string}\"},\"query-input\":{\"@type\":\"PropertyValueSpecification\",\"valueRequired\":true,\"valueName\":\"search_term_string\"}}],\"inLanguage\":\"en-US\"},{\"@type\":\"Organization\",\"@id\":\"https:\/\/www.fortindecorbieres.com\/en\/#organization\",\"name\":\"Fortin de Corbi\u00e8res\",\"url\":\"https:\/\/www.fortindecorbieres.com\/en\/\",\"logo\":{\"@type\":\"ImageObject\",\"inLanguage\":\"en-US\",\"@id\":\"https:\/\/www.fortindecorbieres.com\/en\/#\/schema\/logo\/image\/\",\"url\":\"https:\/\/www.fortindecorbieres.com\/wp-content\/uploads\/2020\/06\/Logo_email_Fortin-de-Corbieres.png\",\"contentUrl\":\"https:\/\/www.fortindecorbieres.com\/wp-content\/uploads\/2020\/06\/Logo_email_Fortin-de-Corbieres.png\",\"width\":599,\"height\":427,\"caption\":\"Fortin de Corbi\u00e8res\"},\"image\":{\"@id\":\"https:\/\/www.fortindecorbieres.com\/en\/#\/schema\/logo\/image\/\"}}]}<\/script>\n<!-- \/ Yoast SEO plugin. -->","yoast_head_json":{"title":"Fortin de Corbi\u00e8res | An Awesome Reception Place in Marseille","description":"Welcome to the Fortin de Corbi\u00e8res. A unique place for your private receptions - wedding and professional events in Marseille, situated between sea and sky.","robots":{"index":"index","follow":"follow","max-snippet":"max-snippet:-1","max-image-preview":"max-image-preview:large","max-video-preview":"max-video-preview:-1"},"canonical":"https:\/\/www.fortindecorbieres.com\/","og_locale":"en_US","og_type":"article","og_title":"[:en]Fortin de Corbi\u00e8res | An Awesome Reception Place in Marseille[:fr]Fortin de Corbi\u00e8res | Un Lieu de R\u00e9ception Unique \u00e0 Marseille[:]","og_description":"{:en}Welcome to the Fortin de Corbi\u00e8res. A unique place for your private receptions - wedding and professional events in Marseille, situated between sea and sky.{:fr}Bienvenue au Fortin de Corbi\u00e8res. Un lieu in\u00e9dit pour vos r\u00e9ceptions priv\u00e9es et vos \u00e9v\u00e9nements professionnels, situ\u00e9 entre ciel et mer.{:}","og_url":"https:\/\/www.fortindecorbieres.com\/","og_site_name":"Fortin de Corbi\u00e8res","article_modified_time":"2022-10-12T14:41:50+00:00","twitter_card":"summary_large_image","twitter_misc":{"Est. reading time":"2 minutes"},"schema":{"@context":"https:\/\/schema.org","@graph":[{"@type":"WebPage","@id":"https:\/\/www.fortindecorbieres.com\/","url":"https:\/\/www.fortindecorbieres.com\/","name":"[:en]Fortin de Corbi\u00e8res | An Awesome Reception Place in Marseille[:fr]Fortin de Corbi\u00e8res | Un Lieu de R\u00e9ception Unique \u00e0 Marseille[:]","isPartOf":{"@id":"https:\/\/www.fortindecorbieres.com\/en\/#website"},"datePublished":"2020-04-04T07:43:38+00:00","dateModified":"2022-10-12T14:41:50+00:00","description":"{:en}Welcome to the Fortin de Corbi\u00e8res. A unique place for your private receptions - wedding and professional events in Marseille, situated between sea and sky.{:fr}Bienvenue au Fortin de Corbi\u00e8res. Un lieu in\u00e9dit pour vos r\u00e9ceptions priv\u00e9es et vos \u00e9v\u00e9nements professionnels, situ\u00e9 entre ciel et mer.{:}","breadcrumb":{"@id":"https:\/\/www.fortindecorbieres.com\/#breadcrumb"},"inLanguage":"en-US","potentialAction":[{"@type":"ReadAction","target":["https:\/\/www.fortindecorbieres.com\/"]}]},{"@type":"BreadcrumbList","@id":"https:\/\/www.fortindecorbieres.com\/#breadcrumb","itemListElement":[{"@type":"ListItem","position":1,"name":"Accueil","item":"https:\/\/www.fortindecorbieres.com\/"},{"@type":"ListItem","position":2,"name":"Fortin de Corbi\u00e8res"}]},{"@type":"WebSite","@id":"https:\/\/www.fortindecorbieres.com\/en\/#website","url":"https:\/\/www.fortindecorbieres.com\/en\/","name":"Fortin de Corbi\u00e8res","description":"Lieu de R\u00e9ception embl\u00e9matique \u00e0 Marseille et en Provence","publisher":{"@id":"https:\/\/www.fortindecorbieres.com\/en\/#organization"},"potentialAction":[{"@type":"SearchAction","target":{"@type":"EntryPoint","urlTemplate":"https:\/\/www.fortindecorbieres.com\/en\/?s={search_term_string}"},"query-input":{"@type":"PropertyValueSpecification","valueRequired":true,"valueName":"search_term_string"}}],"inLanguage":"en-US"},{"@type":"Organization","@id":"https:\/\/www.fortindecorbieres.com\/en\/#organization","name":"Fortin de Corbi\u00e8res","url":"https:\/\/www.fortindecorbieres.com\/en\/","logo":{"@type":"ImageObject","inLanguage":"en-US","@id":"https:\/\/www.fortindecorbieres.com\/en\/#\/schema\/logo\/image\/","url":"https:\/\/www.fortindecorbieres.com\/wp-content\/uploads\/2020\/06\/Logo_email_Fortin-de-Corbieres.png","contentUrl":"https:\/\/www.fortindecorbieres.com\/wp-content\/uploads\/2020\/06\/Logo_email_Fortin-de-Corbieres.png","width":599,"height":427,"caption":"Fortin de Corbi\u00e8res"},"image":{"@id":"https:\/\/www.fortindecorbieres.com\/en\/#\/schema\/logo\/image\/"}}]}},"_links":{"self":[{"href":"https:\/\/www.fortindecorbieres.com\/en\/wp-json\/wp\/v2\/pages\/2","targetHints":{"allow":["GET"]}}],"collection":[{"href":"https:\/\/www.fortindecorbieres.com\/en\/wp-json\/wp\/v2\/pages"}],"about":[{"href":"https:\/\/www.fortindecorbieres.com\/en\/wp-json\/wp\/v2\/types\/page"}],"author":[{"embeddable":true,"href":"https:\/\/www.fortindecorbieres.com\/en\/wp-json\/wp\/v2\/users\/1"}],"replies":[{"embeddable":true,"href":"https:\/\/www.fortindecorbieres.com\/en\/wp-json\/wp\/v2\/comments?post=2"}],"version-history":[{"count":3,"href":"https:\/\/www.fortindecorbieres.com\/en\/wp-json\/wp\/v2\/pages\/2\/revisions"}],"predecessor-version":[{"id":1005,"href":"https:\/\/www.fortindecorbieres.com\/en\/wp-json\/wp\/v2\/pages\/2\/revisions\/1005"}],"wp:attachment":[{"href":"https:\/\/www.fortindecorbieres.com\/en\/wp-json\/wp\/v2\/media?parent=2"}],"curies":[{"name":"wp","href":"https:\/\/api.w.org\/{rel}","templated":true}]}}