{"id":140,"date":"2020-04-08T10:24:29","date_gmt":"2020-04-08T10:24:29","guid":{"rendered":"https:\/\/www.fortindecorbieres.com\/?page_id=140"},"modified":"2020-08-26T13:40:25","modified_gmt":"2020-08-26T10:40:25","slug":"contact","status":"publish","type":"page","link":"https:\/\/www.fortindecorbieres.com\/en\/contact\/","title":{"rendered":"Contact"},"content":{"rendered":"<div class=\"wpb-content-wrapper\"><p>[vc_section css=&#8221;.vc_custom_1587028539680{margin-right: 0px !important;margin-left: 0px !important;padding-top: 0px !important;padding-right: 0px !important;padding-bottom: 0px !important;padding-left: 0px !important;}&#8221;][vc_row][vc_column][vc_column_text css=&#8221;.vc_custom_1593716060614{margin-bottom: 0px !important;}&#8221;]<\/p>\n<div id=\"inner_banner\" class=\"inner_banner\" data-parallax=\"scroll\" data-image-src=\"https:\/\/www.fortindecorbieres.com\/wp-content\/uploads\/2020\/07\/Contactez-nous_Fortin-de-Corbie\u0300res.jpg\">\n<div class=\"banner_text\">\n<h2>Contact us<\/h2>\n<div class=\"discover_btn\"><a href=\"#contact_section\">STAY IN TOUCH<\/a><\/div>\n<\/div>\n<\/div>\n<p>[\/vc_column_text][\/vc_column][\/vc_row][\/vc_section][vc_section el_id=&#8221;contact_section&#8221; el_class=&#8221;contact_section&#8221; css=&#8221;.vc_custom_1586341714595{padding-top: 140px !important;padding-bottom: 140px !important;}&#8221;][vc_row el_class=&#8221;info_and_form container_wrapper&#8221;][vc_column width=&#8221;1\/2&#8243; el_class=&#8221;contact_information&#8221;][vc_column_text css_animation=&#8221;left-to-right&#8221;]<\/p>\n<div class=\"contact_info\">\n<h1>Get in Touch<\/h1>\n<p>For further information about the privatisation of spaces for your <a href=\"https:\/\/www.fortindecorbieres.com\/en\/weddings\/\">private receptions<\/a> or your <a href=\"https:\/\/www.fortindecorbieres.com\/en\/events\/\">corporate events<\/a>, get in touch, a member of the team will contact you as soon as possible.<\/p>\n<div class=\"email_and_phone\">\n<p>Phone : <a href=\"tel:06 27 53 65 60\">06 27 53 65 60<\/a><\/p>\n<p>Email : <a href=\"mailto:contact@fortindecorbieres.com\">contact@fortindecorbieres.com<\/a><\/p>\n<\/div>\n<\/div>\n<p>[\/vc_column_text][\/vc_column][vc_column width=&#8221;1\/2&#8243; el_class=&#8221;contact_form&#8221;][vc_column_text css_animation=&#8221;bottom-to-top&#8221;]\n<div class=\"wpcf7 no-js\" id=\"wpcf7-f518-o1\" lang=\"en-US\" dir=\"ltr\">\n<div class=\"screen-reader-response\"><p role=\"status\" aria-live=\"polite\" aria-atomic=\"true\"><\/p> <ul><\/ul><\/div>\n<form action=\"\/en\/wp-json\/wp\/v2\/pages\/140#wpcf7-f518-o1\" method=\"post\" class=\"wpcf7-form init\" aria-label=\"Contact form\" novalidate=\"novalidate\" data-status=\"init\">\n<div style=\"display: none;\">\n<input type=\"hidden\" name=\"_wpcf7\" value=\"518\" \/>\n<input type=\"hidden\" name=\"_wpcf7_version\" value=\"5.7.7\" \/>\n<input type=\"hidden\" name=\"_wpcf7_locale\" value=\"en_US\" \/>\n<input type=\"hidden\" name=\"_wpcf7_unit_tag\" value=\"wpcf7-f518-o1\" \/>\n<input type=\"hidden\" name=\"_wpcf7_container_post\" value=\"0\" \/>\n<input type=\"hidden\" name=\"_wpcf7_posted_data_hash\" value=\"\" \/>\n<\/div>\n<div class=\"contact_form_area\">\n\t<div class=\"custom_row\">\n\t\t<div class=\"grid_6\">\n\t\t\t<div class=\"each_input\">\n\t\t\t\t<p><span class=\"wpcf7-form-control-wrap\" data-name=\"Firstname\"><input size=\"40\" class=\"wpcf7-form-control wpcf7-text wpcf7-validates-as-required\" id=\"Prnom\" aria-required=\"true\" aria-invalid=\"false\" placeholder=\"First Name*\" value=\"\" type=\"text\" name=\"Firstname\" \/><\/span>\n\t\t\t\t<\/p>\n\t\t\t<\/div>\n\t\t<\/div>\n\t\t<div class=\"grid_6\">\n\t\t\t<div class=\"each_input\">\n\t\t\t\t<p><span class=\"wpcf7-form-control-wrap\" data-name=\"Lastname\"><input size=\"40\" class=\"wpcf7-form-control wpcf7-text wpcf7-validates-as-required\" id=\"Nom\" aria-required=\"true\" aria-invalid=\"false\" placeholder=\"Last Name*\" value=\"\" type=\"text\" name=\"Lastname\" \/><\/span>\n\t\t\t\t<\/p>\n\t\t\t<\/div>\n\t\t<\/div>\n\t\t<div class=\"grid_6\">\n\t\t\t<div class=\"each_input\">\n\t\t\t\t<p><span class=\"wpcf7-form-control-wrap\" data-name=\"Email\"><input size=\"40\" class=\"wpcf7-form-control wpcf7-text wpcf7-email wpcf7-validates-as-required wpcf7-validates-as-email\" id=\"Email\" aria-required=\"true\" aria-invalid=\"false\" placeholder=\"Email*\" value=\"\" type=\"email\" name=\"Email\" \/><\/span>\n\t\t\t\t<\/p>\n\t\t\t<\/div>\n\t\t<\/div>\n\t\t<div class=\"grid_6\">\n\t\t\t<div class=\"each_input\">\n\t\t\t\t<p><span class=\"wpcf7-form-control-wrap\" data-name=\"Telephone\"><input size=\"40\" class=\"wpcf7-form-control wpcf7-text wpcf7-tel wpcf7-validates-as-required wpcf7-validates-as-tel\" id=\"Telephone\" aria-required=\"true\" aria-invalid=\"false\" placeholder=\"Phone*\" value=\"\" type=\"tel\" name=\"Telephone\" \/><\/span>\n\t\t\t\t<\/p>\n\t\t\t<\/div>\n\t\t<\/div>\n\t\t<div class=\"grid_6\">\n\t\t\t<div class=\"each_input\">\n\t\t\t\t<p><span class=\"wpcf7-form-control-wrap\" data-name=\"date\"><input class=\"wpcf7-form-control wpcf7-date wpcf7-validates-as-date\" id=\"date\" aria-invalid=\"false\" placeholder=\"Event date*\" value=\"\" type=\"date\" name=\"date\" \/><\/span>\n\t\t\t\t<\/p>\n\t\t\t<\/div>\n\t\t<\/div>\n\t\t<div class=\"grid_6\">\n\t\t\t<div class=\"each_input\">\n\t\t\t\t<p><span class=\"wpcf7-form-control-wrap\" data-name=\"Nbre\"><input class=\"wpcf7-form-control wpcf7-number wpcf7-validates-as-required wpcf7-validates-as-number\" id=\"Nbre\" min=\"1\" aria-required=\"true\" aria-invalid=\"false\" placeholder=\"Nber of guests*\" value=\"\" type=\"number\" name=\"Nbre\" \/><\/span>\n\t\t\t\t<\/p>\n\t\t\t<\/div>\n\t\t<\/div>\n\t\t<div class=\"grid_12\">\n\t\t\t<div class=\"each_input\">\n\t\t\t\t<p><span class=\"wpcf7-form-control-wrap\" data-name=\"Youare\"><input size=\"40\" class=\"wpcf7-form-control wpcf7-text wpcf7-validates-as-required\" id=\"Vousetes\" aria-required=\"true\" aria-invalid=\"false\" placeholder=\"Are you an individual or a professional?*\" value=\"\" type=\"text\" name=\"Youare\" \/><\/span>\n\t\t\t\t<\/p>\n\t\t\t<\/div>\n\t\t<\/div>\n\t\t<div class=\"grid_12\">\n\t\t\t<div class=\"each_input\">\n\t\t\t\t<p><span class=\"wpcf7-form-control-wrap\" data-name=\"Message\"><textarea cols=\"40\" rows=\"10\" class=\"wpcf7-form-control wpcf7-textarea wpcf7-validates-as-required\" id=\"Message\" aria-required=\"true\" aria-invalid=\"false\" placeholder=\"Message*\" name=\"Message\"><\/textarea><\/span>\n\t\t\t\t<\/p>\n\t\t\t<\/div>\n\t\t<\/div>\n\t\t<div class=\"grid_12\">\n\t\t\t<div class=\"each_input\">\n\t\t\t\t<p><span class=\"wpcf7-form-control-wrap bwscaptcha-193\"><p class=\"cptch_block\"><span \n\t\t\t\tclass=\"cptch_wrap cptch_ajax_wrap\"\n\t\t\t\tdata-cptch-form=\"cf7_contact\"\n\t\t\t\tdata-cptch-input=\"bwscaptcha-193\"\n\t\t\t\tdata-cptch-class=\"wpcf7-form-control wpcf7-bwscaptcha\">Captcha loading...<noscript>In order to pass the CAPTCHA please enable JavaScript.<\/noscript>\n\t\t\t\t<\/span><\/p><\/span>\n\t\t\t\t<\/p>\n\t\t\t<\/div>\n\t\t<\/div>\n\t\t<div class=\"grid_12\">\n\t\t\t<div class=\"submit_area\">\n\t\t\t\t<p><input class=\"wpcf7-form-control has-spinner wpcf7-submit submit\" type=\"submit\" value=\"SUBMIT\" \/>\n\t\t\t\t<\/p>\n\t\t\t<\/div>\n\t\t<\/div>\n\t<\/div>\n<\/div><div class=\"wpcf7-response-output\" aria-hidden=\"true\"><\/div>\n<\/form>\n<\/div>\n[\/vc_column_text][\/vc_column][\/vc_row][\/vc_section]<\/p>\n<\/div>","protected":false},"excerpt":{"rendered":"<p>[vc_section css=&#8221;.vc_custom_1587028539680{margin-right: 0px !important;margin-left: 0px !important;padding-top: 0px !important;padding-right: 0px !important;padding-bottom: 0px !important;padding-left: 0px !important;}&#8221;][vc_row][vc_column][vc_column_text css=&#8221;.vc_custom_1593716060614{margin-bottom: 0px !important;}&#8221;] Contact us STAY IN TOUCH [\/vc_column_text][\/vc_column][\/vc_row][\/vc_section][vc_section el_id=&#8221;contact_section&#8221; el_class=&#8221;contact_section&#8221; css=&#8221;.vc_custom_1586341714595{padding-top: 140px !important;padding-bottom: 140px !important;}&#8221;][vc_row el_class=&#8221;info_and_form container_wrapper&#8221;][vc_column width=&#8221;1\/2&#8243; el_class=&#8221;contact_information&#8221;][vc_column_text css_animation=&#8221;left-to-right&#8221;] Get in Touch For further information about the privatisation of spaces for your private receptions or your corporate events, get &hellip; <a href=\"https:\/\/www.fortindecorbieres.com\/en\/contact\/\" class=\"more-link\">Continue reading <span class=\"screen-reader-text\">Contact<\/span> <span class=\"meta-nav\">&rarr;<\/span><\/a><\/p>\n","protected":false},"author":1,"featured_media":0,"parent":0,"menu_order":0,"comment_status":"closed","ping_status":"closed","template":"","meta":{"footnotes":""},"class_list":["post-140","page","type-page","status-publish","hentry"],"yoast_head":"<!-- This site is optimized with the Yoast SEO plugin v24.9 - https:\/\/yoast.com\/wordpress\/plugins\/seo\/ -->\n<title>Nous Contacter | Fortin de Corbi\u00e8res<\/title>\n<meta name=\"description\" content=\"Pour la privatisation des espaces que ce soit pour vos r\u00e9ceptions priv\u00e9es ou vos \u00e9v\u00e9nements d\u2019entreprise, nous contacter via le formulaire.\" \/>\n<meta name=\"robots\" content=\"index, follow, max-snippet:-1, max-image-preview:large, max-video-preview:-1\" \/>\n<link rel=\"canonical\" href=\"https:\/\/www.fortindecorbieres.com\/contact\/\" \/>\n<meta property=\"og:locale\" content=\"en_US\" \/>\n<meta property=\"og:type\" content=\"article\" \/>\n<meta property=\"og:title\" content=\"Nous Contacter | Fortin de Corbi\u00e8res\" \/>\n<meta property=\"og:description\" content=\"Pour la privatisation des espaces que ce soit pour vos r\u00e9ceptions priv\u00e9es ou vos \u00e9v\u00e9nements d\u2019entreprise, nous contacter via le formulaire.\" \/>\n<meta property=\"og:url\" content=\"https:\/\/www.fortindecorbieres.com\/contact\/\" \/>\n<meta property=\"og:site_name\" content=\"Fortin de Corbi\u00e8res\" \/>\n<meta property=\"article:modified_time\" content=\"2020-08-26T10:40:25+00:00\" \/>\n<meta name=\"twitter:card\" content=\"summary_large_image\" \/>\n<meta name=\"twitter:label1\" content=\"Est. reading time\" \/>\n\t<meta name=\"twitter:data1\" content=\"2 minutes\" \/>\n<script type=\"application\/ld+json\" class=\"yoast-schema-graph\">{\"@context\":\"https:\/\/schema.org\",\"@graph\":[{\"@type\":\"WebPage\",\"@id\":\"https:\/\/www.fortindecorbieres.com\/contact\/\",\"url\":\"https:\/\/www.fortindecorbieres.com\/contact\/\",\"name\":\"Nous Contacter | Fortin de Corbi\u00e8res\",\"isPartOf\":{\"@id\":\"https:\/\/www.fortindecorbieres.com\/en\/#website\"},\"datePublished\":\"2020-04-08T10:24:29+00:00\",\"dateModified\":\"2020-08-26T10:40:25+00:00\",\"description\":\"Pour la privatisation des espaces que ce soit pour vos r\u00e9ceptions priv\u00e9es ou vos \u00e9v\u00e9nements d\u2019entreprise, nous contacter via le formulaire.\",\"breadcrumb\":{\"@id\":\"https:\/\/www.fortindecorbieres.com\/contact\/#breadcrumb\"},\"inLanguage\":\"en-US\",\"potentialAction\":[{\"@type\":\"ReadAction\",\"target\":[\"https:\/\/www.fortindecorbieres.com\/contact\/\"]}]},{\"@type\":\"BreadcrumbList\",\"@id\":\"https:\/\/www.fortindecorbieres.com\/contact\/#breadcrumb\",\"itemListElement\":[{\"@type\":\"ListItem\",\"position\":1,\"name\":\"Accueil\",\"item\":\"https:\/\/www.fortindecorbieres.com\/\"},{\"@type\":\"ListItem\",\"position\":2,\"name\":\"Contact\"}]},{\"@type\":\"WebSite\",\"@id\":\"https:\/\/www.fortindecorbieres.com\/en\/#website\",\"url\":\"https:\/\/www.fortindecorbieres.com\/en\/\",\"name\":\"Fortin de Corbi\u00e8res\",\"description\":\"Lieu de R\u00e9ception embl\u00e9matique \u00e0 Marseille et en Provence\",\"publisher\":{\"@id\":\"https:\/\/www.fortindecorbieres.com\/en\/#organization\"},\"potentialAction\":[{\"@type\":\"SearchAction\",\"target\":{\"@type\":\"EntryPoint\",\"urlTemplate\":\"https:\/\/www.fortindecorbieres.com\/en\/?s={search_term_string}\"},\"query-input\":{\"@type\":\"PropertyValueSpecification\",\"valueRequired\":true,\"valueName\":\"search_term_string\"}}],\"inLanguage\":\"en-US\"},{\"@type\":\"Organization\",\"@id\":\"https:\/\/www.fortindecorbieres.com\/en\/#organization\",\"name\":\"Fortin de Corbi\u00e8res\",\"url\":\"https:\/\/www.fortindecorbieres.com\/en\/\",\"logo\":{\"@type\":\"ImageObject\",\"inLanguage\":\"en-US\",\"@id\":\"https:\/\/www.fortindecorbieres.com\/en\/#\/schema\/logo\/image\/\",\"url\":\"https:\/\/www.fortindecorbieres.com\/wp-content\/uploads\/2020\/06\/Logo_email_Fortin-de-Corbieres.png\",\"contentUrl\":\"https:\/\/www.fortindecorbieres.com\/wp-content\/uploads\/2020\/06\/Logo_email_Fortin-de-Corbieres.png\",\"width\":599,\"height\":427,\"caption\":\"Fortin de Corbi\u00e8res\"},\"image\":{\"@id\":\"https:\/\/www.fortindecorbieres.com\/en\/#\/schema\/logo\/image\/\"}}]}<\/script>\n<!-- \/ Yoast SEO plugin. -->","yoast_head_json":{"title":"Nous Contacter | Fortin de Corbi\u00e8res","description":"Pour la privatisation des espaces que ce soit pour vos r\u00e9ceptions priv\u00e9es ou vos \u00e9v\u00e9nements d\u2019entreprise, nous contacter via le formulaire.","robots":{"index":"index","follow":"follow","max-snippet":"max-snippet:-1","max-image-preview":"max-image-preview:large","max-video-preview":"max-video-preview:-1"},"canonical":"https:\/\/www.fortindecorbieres.com\/contact\/","og_locale":"en_US","og_type":"article","og_title":"Nous Contacter | Fortin de Corbi\u00e8res","og_description":"Pour la privatisation des espaces que ce soit pour vos r\u00e9ceptions priv\u00e9es ou vos \u00e9v\u00e9nements d\u2019entreprise, nous contacter via le formulaire.","og_url":"https:\/\/www.fortindecorbieres.com\/contact\/","og_site_name":"Fortin de Corbi\u00e8res","article_modified_time":"2020-08-26T10:40:25+00:00","twitter_card":"summary_large_image","twitter_misc":{"Est. reading time":"2 minutes"},"schema":{"@context":"https:\/\/schema.org","@graph":[{"@type":"WebPage","@id":"https:\/\/www.fortindecorbieres.com\/contact\/","url":"https:\/\/www.fortindecorbieres.com\/contact\/","name":"Nous Contacter | Fortin de Corbi\u00e8res","isPartOf":{"@id":"https:\/\/www.fortindecorbieres.com\/en\/#website"},"datePublished":"2020-04-08T10:24:29+00:00","dateModified":"2020-08-26T10:40:25+00:00","description":"Pour la privatisation des espaces que ce soit pour vos r\u00e9ceptions priv\u00e9es ou vos \u00e9v\u00e9nements d\u2019entreprise, nous contacter via le formulaire.","breadcrumb":{"@id":"https:\/\/www.fortindecorbieres.com\/contact\/#breadcrumb"},"inLanguage":"en-US","potentialAction":[{"@type":"ReadAction","target":["https:\/\/www.fortindecorbieres.com\/contact\/"]}]},{"@type":"BreadcrumbList","@id":"https:\/\/www.fortindecorbieres.com\/contact\/#breadcrumb","itemListElement":[{"@type":"ListItem","position":1,"name":"Accueil","item":"https:\/\/www.fortindecorbieres.com\/"},{"@type":"ListItem","position":2,"name":"Contact"}]},{"@type":"WebSite","@id":"https:\/\/www.fortindecorbieres.com\/en\/#website","url":"https:\/\/www.fortindecorbieres.com\/en\/","name":"Fortin de Corbi\u00e8res","description":"Lieu de R\u00e9ception embl\u00e9matique \u00e0 Marseille et en Provence","publisher":{"@id":"https:\/\/www.fortindecorbieres.com\/en\/#organization"},"potentialAction":[{"@type":"SearchAction","target":{"@type":"EntryPoint","urlTemplate":"https:\/\/www.fortindecorbieres.com\/en\/?s={search_term_string}"},"query-input":{"@type":"PropertyValueSpecification","valueRequired":true,"valueName":"search_term_string"}}],"inLanguage":"en-US"},{"@type":"Organization","@id":"https:\/\/www.fortindecorbieres.com\/en\/#organization","name":"Fortin de Corbi\u00e8res","url":"https:\/\/www.fortindecorbieres.com\/en\/","logo":{"@type":"ImageObject","inLanguage":"en-US","@id":"https:\/\/www.fortindecorbieres.com\/en\/#\/schema\/logo\/image\/","url":"https:\/\/www.fortindecorbieres.com\/wp-content\/uploads\/2020\/06\/Logo_email_Fortin-de-Corbieres.png","contentUrl":"https:\/\/www.fortindecorbieres.com\/wp-content\/uploads\/2020\/06\/Logo_email_Fortin-de-Corbieres.png","width":599,"height":427,"caption":"Fortin de Corbi\u00e8res"},"image":{"@id":"https:\/\/www.fortindecorbieres.com\/en\/#\/schema\/logo\/image\/"}}]}},"_links":{"self":[{"href":"https:\/\/www.fortindecorbieres.com\/en\/wp-json\/wp\/v2\/pages\/140","targetHints":{"allow":["GET"]}}],"collection":[{"href":"https:\/\/www.fortindecorbieres.com\/en\/wp-json\/wp\/v2\/pages"}],"about":[{"href":"https:\/\/www.fortindecorbieres.com\/en\/wp-json\/wp\/v2\/types\/page"}],"author":[{"embeddable":true,"href":"https:\/\/www.fortindecorbieres.com\/en\/wp-json\/wp\/v2\/users\/1"}],"replies":[{"embeddable":true,"href":"https:\/\/www.fortindecorbieres.com\/en\/wp-json\/wp\/v2\/comments?post=140"}],"version-history":[{"count":0,"href":"https:\/\/www.fortindecorbieres.com\/en\/wp-json\/wp\/v2\/pages\/140\/revisions"}],"wp:attachment":[{"href":"https:\/\/www.fortindecorbieres.com\/en\/wp-json\/wp\/v2\/media?parent=140"}],"curies":[{"name":"wp","href":"https:\/\/api.w.org\/{rel}","templated":true}]}}