{"id":102,"date":"2020-04-08T08:25:20","date_gmt":"2020-04-08T08:25:20","guid":{"rendered":"https:\/\/www.fortindecorbieres.com\/?page_id=102"},"modified":"2020-12-22T16:15:38","modified_gmt":"2020-12-22T15:15:38","slug":"weddings","status":"publish","type":"page","link":"https:\/\/www.fortindecorbieres.com\/en\/weddings\/","title":{"rendered":"Weddings"},"content":{"rendered":"<div class=\"wpb-content-wrapper\"><p>[vc_section css=&#8221;.vc_custom_1587024286338{margin-right: 0px !important;margin-left: 0px !important;padding-top: 0px !important;padding-right: 0px !important;padding-bottom: 0px !important;padding-left: 0px !important;}&#8221;][vc_row][vc_column][vc_column_text]<\/p>\n<div id=\"inner_banner\" class=\"inner_banner\" data-parallax=\"scroll\" data-image-src=\"https:\/\/www.fortindecorbieres.com\/wp-content\/uploads\/2020\/06\/Fortin-de-Corbie\u0300res_Mariage_img0000.jpg\">\n<div class=\"banner_text\">\n<h2>Your wedding<\/h2>\n<div class=\"discover_btn\"><a href=\"#first_heading_part\">DISCOVER<\/a><\/div>\n<\/div>\n<\/div>\n<p>[\/vc_column_text][\/vc_column][\/vc_row][\/vc_section][vc_section el_id=&#8221;first_heading_part&#8221; el_class=&#8221;first_heading_part&#8221; css=&#8221;.vc_custom_1586336053610{padding-top: 145px !important;}&#8221;][vc_row][vc_column][vc_column_text css_animation=&#8221;bottom-to-top&#8221; el_class=&#8221;weddings_heading_area&#8221;]<\/p>\n<div class=\"content_part\">\n<p><a href=\"https:\/\/www.fortindecorbieres.com\/en\/contact\/\">YOUR WEDDING IN PROVENCE<\/a><\/p>\n<h2>Live a unique moment in an ambiance full of charm, with a thousand possibilities&#8230;<\/h2>\n<\/div>\n<p>[\/vc_column_text][\/vc_column][\/vc_row][\/vc_section][vc_section css=&#8221;.vc_custom_1587135472923{margin-right: 0px !important;margin-left: 0px !important;padding-top: 100px !important;padding-right: 0px !important;padding-left: 0px !important;}&#8221; el_id=&#8221;weddings_section&#8221; el_class=&#8221;weddings_section&#8221;][vc_row el_id=&#8221;image_part&#8221; el_class=&#8221;image_part&#8221;][vc_column width=&#8221;1\/2&#8243;][vc_single_image image=&#8221;703&#8243; img_size=&#8221;full&#8221; alignment=&#8221;right&#8221; css_animation=&#8221;bottom-to-top&#8221; el_id=&#8221;left_image&#8221; el_class=&#8221;left_image&#8221;][\/vc_column][vc_column width=&#8221;1\/2&#8243;][vc_single_image image=&#8221;108&#8243; img_size=&#8221;full&#8221; css_animation=&#8221;bottom-to-top&#8221; el_id=&#8221;right_image&#8221; el_class=&#8221;right_image&#8221;][\/vc_column][\/vc_row][vc_row el_class=&#8221;image_part&#8221;][vc_column][vc_single_image image=&#8221;698&#8243; img_size=&#8221;full&#8221; alignment=&#8221;center&#8221; css_animation=&#8221;bottom-to-top&#8221;][\/vc_column][\/vc_row][vc_row css=&#8221;.vc_custom_1587045726224{margin-bottom: 0px !important;padding-top: 120px !important;}&#8221;][vc_column css=&#8221;.vc_custom_1587045712972{margin-bottom: 0px !important;}&#8221;][vc_column_text css_animation=&#8221;top-to-bottom&#8221; el_class=&#8221;weddings_heading_area&#8221; css=&#8221;.vc_custom_1608648709884{margin-bottom: 0px !important;padding-bottom: 120px !important;background-color: #f9f9f9 !important;}&#8221;]<\/p>\n<div class=\"content_part\">\n<p>THE CHOICE OF SPACES<\/p>\n<h2>Enjoy a breathtaking view of the gardens or inside the Fortin de Corbi\u00e8res<\/h2>\n<\/div>\n<p>[\/vc_column_text][\/vc_column][\/vc_row][\/vc_section][vc_section][vc_row][vc_column][vc_column_text]<\/p>\n<div id=\"inner_banner\" class=\"inner_banner\" data-parallax=\"scroll\" data-image-src=\"https:\/\/www.fortindecorbieres.com\/wp-content\/uploads\/2020\/04\/image11.jpg\">\n<div class=\"banner_text\"><\/div>\n<\/div>\n<p>[\/vc_column_text][\/vc_column][\/vc_row][\/vc_section][vc_section el_id=&#8221;the_brunch_area&#8221; el_class=&#8221;the_brunch_area&#8221; css=&#8221;.vc_custom_1586338826135{padding-top: 120px !important;padding-bottom: 120px !important;}&#8221;][vc_row][vc_column][vc_column_text css_animation=&#8221;top-to-bottom&#8221; el_class=&#8221;weddings_heading_area&#8221;]<\/p>\n<div class=\"content_part\">\n<p>THE BRUNCH<\/p>\n<h2>Prolong the pleasure until the day after with a brunch, surrounded by your loved ones<\/h2>\n<\/div>\n<p>[\/vc_column_text][vc_single_image image=&#8221;794&#8243; img_size=&#8221;full&#8221; alignment=&#8221;center&#8221; css_animation=&#8221;bottom-to-top&#8221; el_id=&#8221;single_image&#8221; el_class=&#8221;single_image&#8221; css=&#8221;.vc_custom_1608648727605{border-bottom-width: 0px !important;padding-top: 100px !important;}&#8221;][\/vc_column][\/vc_row][\/vc_section][vc_section][vc_row][vc_column][vc_column_text]<\/p>\n<div id=\"inner_banner\" class=\"inner_banner\" data-parallax=\"scroll\" data-image-src=\"https:\/\/www.fortindecorbieres.com\/wp-content\/uploads\/2020\/07\/Mariages_Fortin-de-Corbie\u0300res_marseille_img.jpg\">\n<div class=\"banner_text\"><\/div>\n<\/div>\n<p>[\/vc_column_text][\/vc_column][\/vc_row][\/vc_section]<\/p>\n<\/div>","protected":false},"excerpt":{"rendered":"<p>[vc_section css=&#8221;.vc_custom_1587024286338{margin-right: 0px !important;margin-left: 0px !important;padding-top: 0px !important;padding-right: 0px !important;padding-bottom: 0px !important;padding-left: 0px !important;}&#8221;][vc_row][vc_column][vc_column_text] Your wedding DISCOVER [\/vc_column_text][\/vc_column][\/vc_row][\/vc_section][vc_section el_id=&#8221;first_heading_part&#8221; el_class=&#8221;first_heading_part&#8221; css=&#8221;.vc_custom_1586336053610{padding-top: 145px !important;}&#8221;][vc_row][vc_column][vc_column_text css_animation=&#8221;bottom-to-top&#8221; el_class=&#8221;weddings_heading_area&#8221;] YOUR WEDDING IN PROVENCE Live a unique moment in an ambiance full of charm, with a thousand possibilities&#8230; [\/vc_column_text][\/vc_column][\/vc_row][\/vc_section][vc_section css=&#8221;.vc_custom_1587135472923{margin-right: 0px !important;margin-left: 0px !important;padding-top: 100px !important;padding-right: 0px !important;padding-left: 0px !important;}&#8221; &hellip; <a href=\"https:\/\/www.fortindecorbieres.com\/en\/weddings\/\" class=\"more-link\">Continue reading <span class=\"screen-reader-text\">Weddings<\/span> <span class=\"meta-nav\">&rarr;<\/span><\/a><\/p>\n","protected":false},"author":1,"featured_media":0,"parent":0,"menu_order":0,"comment_status":"closed","ping_status":"closed","template":"","meta":{"footnotes":""},"class_list":["post-102","page","type-page","status-publish","hentry"],"yoast_head":"<!-- This site is optimized with the Yoast SEO plugin v24.9 - https:\/\/yoast.com\/wordpress\/plugins\/seo\/ -->\n<title>Domaine de Mariage en Provence | Fortin de Corbi\u00e8res<\/title>\n<meta name=\"description\" content=\"Votre Mariage en Provence... Vivez un moment Unique dans un cadre plein de Charmes, aux Mille Possibilit\u00e9s et profitez d\u2019une Vue Imprenable.\" \/>\n<meta name=\"robots\" content=\"index, follow, max-snippet:-1, max-image-preview:large, max-video-preview:-1\" \/>\n<link rel=\"canonical\" href=\"https:\/\/www.fortindecorbieres.com\/weddings\/\" \/>\n<meta property=\"og:locale\" content=\"en_US\" \/>\n<meta property=\"og:type\" content=\"article\" \/>\n<meta property=\"og:title\" content=\"Domaine de Mariage en Provence | Fortin de Corbi\u00e8res\" \/>\n<meta property=\"og:description\" content=\"Votre Mariage en Provence... Vivez un moment Unique dans un cadre plein de Charmes, aux Mille Possibilit\u00e9s et profitez d\u2019une Vue Imprenable.\" \/>\n<meta property=\"og:url\" content=\"https:\/\/www.fortindecorbieres.com\/weddings\/\" \/>\n<meta property=\"og:site_name\" content=\"Fortin de Corbi\u00e8res\" \/>\n<meta property=\"article:modified_time\" content=\"2020-12-22T15:15:38+00:00\" \/>\n<meta name=\"twitter:card\" content=\"summary_large_image\" \/>\n<meta name=\"twitter:label1\" content=\"Est. reading time\" \/>\n\t<meta name=\"twitter:data1\" content=\"4 minutes\" \/>\n<script type=\"application\/ld+json\" class=\"yoast-schema-graph\">{\"@context\":\"https:\/\/schema.org\",\"@graph\":[{\"@type\":\"WebPage\",\"@id\":\"https:\/\/www.fortindecorbieres.com\/weddings\/\",\"url\":\"https:\/\/www.fortindecorbieres.com\/weddings\/\",\"name\":\"Domaine de Mariage en Provence | Fortin de Corbi\u00e8res\",\"isPartOf\":{\"@id\":\"https:\/\/www.fortindecorbieres.com\/en\/#website\"},\"datePublished\":\"2020-04-08T08:25:20+00:00\",\"dateModified\":\"2020-12-22T15:15:38+00:00\",\"description\":\"Votre Mariage en Provence... Vivez un moment Unique dans un cadre plein de Charmes, aux Mille Possibilit\u00e9s et profitez d\u2019une Vue Imprenable.\",\"breadcrumb\":{\"@id\":\"https:\/\/www.fortindecorbieres.com\/weddings\/#breadcrumb\"},\"inLanguage\":\"en-US\",\"potentialAction\":[{\"@type\":\"ReadAction\",\"target\":[\"https:\/\/www.fortindecorbieres.com\/weddings\/\"]}]},{\"@type\":\"BreadcrumbList\",\"@id\":\"https:\/\/www.fortindecorbieres.com\/weddings\/#breadcrumb\",\"itemListElement\":[{\"@type\":\"ListItem\",\"position\":1,\"name\":\"Accueil\",\"item\":\"https:\/\/www.fortindecorbieres.com\/\"},{\"@type\":\"ListItem\",\"position\":2,\"name\":\"Weddings\"}]},{\"@type\":\"WebSite\",\"@id\":\"https:\/\/www.fortindecorbieres.com\/en\/#website\",\"url\":\"https:\/\/www.fortindecorbieres.com\/en\/\",\"name\":\"Fortin de Corbi\u00e8res\",\"description\":\"Lieu de R\u00e9ception embl\u00e9matique \u00e0 Marseille et en Provence\",\"publisher\":{\"@id\":\"https:\/\/www.fortindecorbieres.com\/en\/#organization\"},\"potentialAction\":[{\"@type\":\"SearchAction\",\"target\":{\"@type\":\"EntryPoint\",\"urlTemplate\":\"https:\/\/www.fortindecorbieres.com\/en\/?s={search_term_string}\"},\"query-input\":{\"@type\":\"PropertyValueSpecification\",\"valueRequired\":true,\"valueName\":\"search_term_string\"}}],\"inLanguage\":\"en-US\"},{\"@type\":\"Organization\",\"@id\":\"https:\/\/www.fortindecorbieres.com\/en\/#organization\",\"name\":\"Fortin de Corbi\u00e8res\",\"url\":\"https:\/\/www.fortindecorbieres.com\/en\/\",\"logo\":{\"@type\":\"ImageObject\",\"inLanguage\":\"en-US\",\"@id\":\"https:\/\/www.fortindecorbieres.com\/en\/#\/schema\/logo\/image\/\",\"url\":\"https:\/\/www.fortindecorbieres.com\/wp-content\/uploads\/2020\/06\/Logo_email_Fortin-de-Corbieres.png\",\"contentUrl\":\"https:\/\/www.fortindecorbieres.com\/wp-content\/uploads\/2020\/06\/Logo_email_Fortin-de-Corbieres.png\",\"width\":599,\"height\":427,\"caption\":\"Fortin de Corbi\u00e8res\"},\"image\":{\"@id\":\"https:\/\/www.fortindecorbieres.com\/en\/#\/schema\/logo\/image\/\"}}]}<\/script>\n<!-- \/ Yoast SEO plugin. -->","yoast_head_json":{"title":"Domaine de Mariage en Provence | Fortin de Corbi\u00e8res","description":"Votre Mariage en Provence... Vivez un moment Unique dans un cadre plein de Charmes, aux Mille Possibilit\u00e9s et profitez d\u2019une Vue Imprenable.","robots":{"index":"index","follow":"follow","max-snippet":"max-snippet:-1","max-image-preview":"max-image-preview:large","max-video-preview":"max-video-preview:-1"},"canonical":"https:\/\/www.fortindecorbieres.com\/weddings\/","og_locale":"en_US","og_type":"article","og_title":"Domaine de Mariage en Provence | Fortin de Corbi\u00e8res","og_description":"Votre Mariage en Provence... Vivez un moment Unique dans un cadre plein de Charmes, aux Mille Possibilit\u00e9s et profitez d\u2019une Vue Imprenable.","og_url":"https:\/\/www.fortindecorbieres.com\/weddings\/","og_site_name":"Fortin de Corbi\u00e8res","article_modified_time":"2020-12-22T15:15:38+00:00","twitter_card":"summary_large_image","twitter_misc":{"Est. reading time":"4 minutes"},"schema":{"@context":"https:\/\/schema.org","@graph":[{"@type":"WebPage","@id":"https:\/\/www.fortindecorbieres.com\/weddings\/","url":"https:\/\/www.fortindecorbieres.com\/weddings\/","name":"Domaine de Mariage en Provence | Fortin de Corbi\u00e8res","isPartOf":{"@id":"https:\/\/www.fortindecorbieres.com\/en\/#website"},"datePublished":"2020-04-08T08:25:20+00:00","dateModified":"2020-12-22T15:15:38+00:00","description":"Votre Mariage en Provence... Vivez un moment Unique dans un cadre plein de Charmes, aux Mille Possibilit\u00e9s et profitez d\u2019une Vue Imprenable.","breadcrumb":{"@id":"https:\/\/www.fortindecorbieres.com\/weddings\/#breadcrumb"},"inLanguage":"en-US","potentialAction":[{"@type":"ReadAction","target":["https:\/\/www.fortindecorbieres.com\/weddings\/"]}]},{"@type":"BreadcrumbList","@id":"https:\/\/www.fortindecorbieres.com\/weddings\/#breadcrumb","itemListElement":[{"@type":"ListItem","position":1,"name":"Accueil","item":"https:\/\/www.fortindecorbieres.com\/"},{"@type":"ListItem","position":2,"name":"Weddings"}]},{"@type":"WebSite","@id":"https:\/\/www.fortindecorbieres.com\/en\/#website","url":"https:\/\/www.fortindecorbieres.com\/en\/","name":"Fortin de Corbi\u00e8res","description":"Lieu de R\u00e9ception embl\u00e9matique \u00e0 Marseille et en Provence","publisher":{"@id":"https:\/\/www.fortindecorbieres.com\/en\/#organization"},"potentialAction":[{"@type":"SearchAction","target":{"@type":"EntryPoint","urlTemplate":"https:\/\/www.fortindecorbieres.com\/en\/?s={search_term_string}"},"query-input":{"@type":"PropertyValueSpecification","valueRequired":true,"valueName":"search_term_string"}}],"inLanguage":"en-US"},{"@type":"Organization","@id":"https:\/\/www.fortindecorbieres.com\/en\/#organization","name":"Fortin de Corbi\u00e8res","url":"https:\/\/www.fortindecorbieres.com\/en\/","logo":{"@type":"ImageObject","inLanguage":"en-US","@id":"https:\/\/www.fortindecorbieres.com\/en\/#\/schema\/logo\/image\/","url":"https:\/\/www.fortindecorbieres.com\/wp-content\/uploads\/2020\/06\/Logo_email_Fortin-de-Corbieres.png","contentUrl":"https:\/\/www.fortindecorbieres.com\/wp-content\/uploads\/2020\/06\/Logo_email_Fortin-de-Corbieres.png","width":599,"height":427,"caption":"Fortin de Corbi\u00e8res"},"image":{"@id":"https:\/\/www.fortindecorbieres.com\/en\/#\/schema\/logo\/image\/"}}]}},"_links":{"self":[{"href":"https:\/\/www.fortindecorbieres.com\/en\/wp-json\/wp\/v2\/pages\/102","targetHints":{"allow":["GET"]}}],"collection":[{"href":"https:\/\/www.fortindecorbieres.com\/en\/wp-json\/wp\/v2\/pages"}],"about":[{"href":"https:\/\/www.fortindecorbieres.com\/en\/wp-json\/wp\/v2\/types\/page"}],"author":[{"embeddable":true,"href":"https:\/\/www.fortindecorbieres.com\/en\/wp-json\/wp\/v2\/users\/1"}],"replies":[{"embeddable":true,"href":"https:\/\/www.fortindecorbieres.com\/en\/wp-json\/wp\/v2\/comments?post=102"}],"version-history":[{"count":0,"href":"https:\/\/www.fortindecorbieres.com\/en\/wp-json\/wp\/v2\/pages\/102\/revisions"}],"wp:attachment":[{"href":"https:\/\/www.fortindecorbieres.com\/en\/wp-json\/wp\/v2\/media?parent=102"}],"curies":[{"name":"wp","href":"https:\/\/api.w.org\/{rel}","templated":true}]}}